{"id":16699,"date":"2021-01-24T17:59:35","date_gmt":"2021-01-24T19:59:35","guid":{"rendered":"http:\/\/ecursos.treinaonline.com\/produto\/curso-de-cortes-de-cabelo-feminino\/"},"modified":"2021-01-24T17:59:35","modified_gmt":"2021-01-24T19:59:35","slug":"curso-de-cortes-de-cabelo-feminino","status":"publish","type":"product","link":"https:\/\/treina.online\/?product=curso-de-cortes-de-cabelo-feminino","title":{"rendered":"Curso de Cortes de cabelo feminino"},"content":{"rendered":"<p>Voc\u00ea ver\u00e1 os cortes mais pedidos nos sal\u00f5es de beleza como: long bob, chanel de bico, corte em camadas, cortes para cabelos cacheados e muito mais!<\/p>\n<p>Sobre a carga hor\u00e1ria:<br \/>\nO curso possui 80 horas de carga hor\u00e1ria. Por\u00e9m, se for conclu\u00eddo antes de 5 dias, passa a ter 10 horas de carga hor\u00e1ria. Conforme nosso contrato e termos de uso.<\/p>\n","protected":false},"excerpt":{"rendered":"<p>Voc\u00ea ver\u00e1 os cortes mais pedidos nos sal\u00f5es de beleza como: long bob, chanel de bico, corte em camadas, cortes para cabelos cacheados e muito mais! Sobre a carga hor\u00e1ria: O curso possui 80 horas de carga hor\u00e1ria. Por\u00e9m, se for conclu\u00eddo antes de 5 dias, passa a ter 10 horas de carga hor\u00e1ria. Conforme nosso contrato e termos de [&hellip;]<\/p>\n","protected":false},"featured_media":0,"comment_status":"open","ping_status":"closed","template":"","meta":[],"product_brand":[],"product_cat":[217],"product_tag":[],"class_list":{"0":"post-16699","1":"product","2":"type-product","3":"status-publish","5":"product_cat-estetica-e-beleza","6":"post","8":"first","9":"instock","10":"virtual","11":"sold-individually","12":"product-type-simple"},"_links":{"self":[{"href":"https:\/\/treina.online\/index.php?rest_route=\/wp\/v2\/product\/16699","targetHints":{"allow":["GET"]}}],"collection":[{"href":"https:\/\/treina.online\/index.php?rest_route=\/wp\/v2\/product"}],"about":[{"href":"https:\/\/treina.online\/index.php?rest_route=\/wp\/v2\/types\/product"}],"replies":[{"embeddable":true,"href":"https:\/\/treina.online\/index.php?rest_route=%2Fwp%2Fv2%2Fcomments&post=16699"}],"version-history":[{"count":0,"href":"https:\/\/treina.online\/index.php?rest_route=\/wp\/v2\/product\/16699\/revisions"}],"wp:attachment":[{"href":"https:\/\/treina.online\/index.php?rest_route=%2Fwp%2Fv2%2Fmedia&parent=16699"}],"wp:term":[{"taxonomy":"product_brand","embeddable":true,"href":"https:\/\/treina.online\/index.php?rest_route=%2Fwp%2Fv2%2Fproduct_brand&post=16699"},{"taxonomy":"product_cat","embeddable":true,"href":"https:\/\/treina.online\/index.php?rest_route=%2Fwp%2Fv2%2Fproduct_cat&post=16699"},{"taxonomy":"product_tag","embeddable":true,"href":"https:\/\/treina.online\/index.php?rest_route=%2Fwp%2Fv2%2Fproduct_tag&post=16699"}],"curies":[{"name":"wp","href":"https:\/\/api.w.org\/{rel}","templated":true}]}}