{"id":16696,"date":"2021-01-24T17:59:33","date_gmt":"2021-01-24T19:59:33","guid":{"rendered":"http:\/\/ecursos.treinaonline.com\/produto\/curso-de-coreldraw-x6\/"},"modified":"2021-01-24T17:59:33","modified_gmt":"2021-01-24T19:59:33","slug":"curso-de-coreldraw-x6","status":"publish","type":"product","link":"https:\/\/treina.online\/?product=curso-de-coreldraw-x6","title":{"rendered":"Curso de CorelDRAW X6"},"content":{"rendered":"<p>Apresenta tudo sobre a cria\u00e7\u00e3o, composi\u00e7\u00e3o, diagrama\u00e7\u00e3o e edi\u00e7\u00e3o de ilustra\u00e7\u00f5es vetoriais. Voc\u00ea ver\u00e1 desde o espa\u00e7o de trabalho do CorelDRAW e seus menus, at\u00e9 a cria\u00e7\u00e3o completa de pe\u00e7as gr\u00e1ficas como cart\u00f5es de visitas, logotipos e folders. Vai conhecer uma s\u00e9rie de ferramentas e fun\u00e7\u00f5es que esse software possui, como por exemplo, a cria\u00e7\u00e3o de formas e desenhos tanto vetoriais como bitmaps, o trabalho com cores, a tipografia, os efeitos e muito mais.<\/p>\n<p>Sobre a carga hor\u00e1ria:<br \/>\nO curso possui 80 horas de carga hor\u00e1ria. Por\u00e9m, se for conclu\u00eddo antes de 5 dias, passa a ter 10 horas de carga hor\u00e1ria. Conforme nosso contrato e termos de uso.<\/p>\n","protected":false},"excerpt":{"rendered":"<p>Apresenta tudo sobre a cria\u00e7\u00e3o, composi\u00e7\u00e3o, diagrama\u00e7\u00e3o e edi\u00e7\u00e3o de ilustra\u00e7\u00f5es vetoriais. Voc\u00ea ver\u00e1 desde o espa\u00e7o de trabalho do CorelDRAW e seus menus, at\u00e9 a cria\u00e7\u00e3o completa de pe\u00e7as gr\u00e1ficas como cart\u00f5es de visitas, logotipos e folders. Vai conhecer uma s\u00e9rie de ferramentas e fun\u00e7\u00f5es que esse software possui, como por exemplo, a cria\u00e7\u00e3o de formas e desenhos tanto [&hellip;]<\/p>\n","protected":false},"featured_media":0,"comment_status":"open","ping_status":"closed","template":"","meta":[],"product_brand":[],"product_cat":[201],"product_tag":[],"class_list":{"0":"post-16696","1":"product","2":"type-product","3":"status-publish","5":"product_cat-animacoes-e-design","6":"post","8":"first","9":"instock","10":"virtual","11":"sold-individually","12":"product-type-simple"},"_links":{"self":[{"href":"https:\/\/treina.online\/index.php?rest_route=\/wp\/v2\/product\/16696","targetHints":{"allow":["GET"]}}],"collection":[{"href":"https:\/\/treina.online\/index.php?rest_route=\/wp\/v2\/product"}],"about":[{"href":"https:\/\/treina.online\/index.php?rest_route=\/wp\/v2\/types\/product"}],"replies":[{"embeddable":true,"href":"https:\/\/treina.online\/index.php?rest_route=%2Fwp%2Fv2%2Fcomments&post=16696"}],"version-history":[{"count":0,"href":"https:\/\/treina.online\/index.php?rest_route=\/wp\/v2\/product\/16696\/revisions"}],"wp:attachment":[{"href":"https:\/\/treina.online\/index.php?rest_route=%2Fwp%2Fv2%2Fmedia&parent=16696"}],"wp:term":[{"taxonomy":"product_brand","embeddable":true,"href":"https:\/\/treina.online\/index.php?rest_route=%2Fwp%2Fv2%2Fproduct_brand&post=16696"},{"taxonomy":"product_cat","embeddable":true,"href":"https:\/\/treina.online\/index.php?rest_route=%2Fwp%2Fv2%2Fproduct_cat&post=16696"},{"taxonomy":"product_tag","embeddable":true,"href":"https:\/\/treina.online\/index.php?rest_route=%2Fwp%2Fv2%2Fproduct_tag&post=16696"}],"curies":[{"name":"wp","href":"https:\/\/api.w.org\/{rel}","templated":true}]}}