{"id":16691,"date":"2021-01-24T17:59:28","date_gmt":"2021-01-24T19:59:28","guid":{"rendered":"http:\/\/ecursos.treinaonline.com\/produto\/curso-de-contato-para-cobranca\/"},"modified":"2021-01-24T17:59:28","modified_gmt":"2021-01-24T19:59:28","slug":"curso-de-contato-para-cobranca","status":"publish","type":"product","link":"https:\/\/treina.online\/?product=curso-de-contato-para-cobranca","title":{"rendered":"Curso de Contato para Cobran\u00e7a"},"content":{"rendered":"<p>Apresenta Cobran\u00e7a, Atividades da \u00e1rea de cobran\u00e7a, Contato para cobran\u00e7a \u0096 parte I, Contato para cobran\u00e7a \u0096 parte II, Meios de contato, Inadimplentes , Perfis dos inadimplentes, Comportamento emocional do devedor, Cobran\u00e7a telefonada, Cobran\u00e7a telefonada ativa e Cobran\u00e7a telefonada receptiva.<\/p>\n<p>Sobre a carga hor\u00e1ria:<br \/>\nO curso possui 10 horas de carga hor\u00e1ria.<\/p>\n","protected":false},"excerpt":{"rendered":"<p>Apresenta Cobran\u00e7a, Atividades da \u00e1rea de cobran\u00e7a, Contato para cobran\u00e7a \u0096 parte I, Contato para cobran\u00e7a \u0096 parte II, Meios de contato, Inadimplentes , Perfis dos inadimplentes, Comportamento emocional do devedor, Cobran\u00e7a telefonada, Cobran\u00e7a telefonada ativa e Cobran\u00e7a telefonada receptiva. Sobre a carga hor\u00e1ria: O curso possui 10 horas de carga hor\u00e1ria.<\/p>\n","protected":false},"featured_media":0,"comment_status":"open","ping_status":"closed","template":"","meta":[],"product_brand":[],"product_cat":[220],"product_tag":[],"class_list":{"0":"post-16691","1":"product","2":"type-product","3":"status-publish","5":"product_cat-financas","6":"post","8":"first","9":"instock","10":"virtual","11":"sold-individually","12":"product-type-simple"},"_links":{"self":[{"href":"https:\/\/treina.online\/index.php?rest_route=\/wp\/v2\/product\/16691","targetHints":{"allow":["GET"]}}],"collection":[{"href":"https:\/\/treina.online\/index.php?rest_route=\/wp\/v2\/product"}],"about":[{"href":"https:\/\/treina.online\/index.php?rest_route=\/wp\/v2\/types\/product"}],"replies":[{"embeddable":true,"href":"https:\/\/treina.online\/index.php?rest_route=%2Fwp%2Fv2%2Fcomments&post=16691"}],"version-history":[{"count":0,"href":"https:\/\/treina.online\/index.php?rest_route=\/wp\/v2\/product\/16691\/revisions"}],"wp:attachment":[{"href":"https:\/\/treina.online\/index.php?rest_route=%2Fwp%2Fv2%2Fmedia&parent=16691"}],"wp:term":[{"taxonomy":"product_brand","embeddable":true,"href":"https:\/\/treina.online\/index.php?rest_route=%2Fwp%2Fv2%2Fproduct_brand&post=16691"},{"taxonomy":"product_cat","embeddable":true,"href":"https:\/\/treina.online\/index.php?rest_route=%2Fwp%2Fv2%2Fproduct_cat&post=16691"},{"taxonomy":"product_tag","embeddable":true,"href":"https:\/\/treina.online\/index.php?rest_route=%2Fwp%2Fv2%2Fproduct_tag&post=16691"}],"curies":[{"name":"wp","href":"https:\/\/api.w.org\/{rel}","templated":true}]}}