{"id":16689,"date":"2021-01-24T17:59:26","date_gmt":"2021-01-24T19:59:26","guid":{"rendered":"http:\/\/ecursos.treinaonline.com\/produto\/curso-de-contas-a-pagar-e-receber\/"},"modified":"2021-01-24T17:59:26","modified_gmt":"2021-01-24T19:59:26","slug":"curso-de-contas-a-pagar-e-receber","status":"publish","type":"product","link":"https:\/\/treina.online\/?product=curso-de-contas-a-pagar-e-receber","title":{"rendered":"Curso de Contas a pagar e receber"},"content":{"rendered":"<p>Aborda sobre documenta\u00e7\u00e3o de contas a pagar e receber, informatiza\u00e7\u00e3o do departamento financeiro, concilia\u00e7\u00e3o banc\u00e1ria, o impacto dos impostos no contas a pagar e receber e muito mais. <\/p>\n<p>Sobre a carga hor\u00e1ria:<br \/>\nO curso possui 80 horas de carga hor\u00e1ria. Por\u00e9m, se for conclu\u00eddo antes de 5 dias, passa a ter 10 horas de carga hor\u00e1ria. Conforme nosso contrato e termos de uso.<\/p>\n","protected":false},"excerpt":{"rendered":"<p>Aborda sobre documenta\u00e7\u00e3o de contas a pagar e receber, informatiza\u00e7\u00e3o do departamento financeiro, concilia\u00e7\u00e3o banc\u00e1ria, o impacto dos impostos no contas a pagar e receber e muito mais. Sobre a carga hor\u00e1ria: O curso possui 80 horas de carga hor\u00e1ria. Por\u00e9m, se for conclu\u00eddo antes de 5 dias, passa a ter 10 horas de carga hor\u00e1ria. Conforme nosso contrato e [&hellip;]<\/p>\n","protected":false},"featured_media":0,"comment_status":"open","ping_status":"closed","template":"","meta":[],"product_brand":[],"product_cat":[206],"product_tag":[],"class_list":{"0":"post-16689","1":"product","2":"type-product","3":"status-publish","5":"product_cat-contabilidade","6":"post","8":"first","9":"instock","10":"virtual","11":"sold-individually","12":"product-type-simple"},"_links":{"self":[{"href":"https:\/\/treina.online\/index.php?rest_route=\/wp\/v2\/product\/16689","targetHints":{"allow":["GET"]}}],"collection":[{"href":"https:\/\/treina.online\/index.php?rest_route=\/wp\/v2\/product"}],"about":[{"href":"https:\/\/treina.online\/index.php?rest_route=\/wp\/v2\/types\/product"}],"replies":[{"embeddable":true,"href":"https:\/\/treina.online\/index.php?rest_route=%2Fwp%2Fv2%2Fcomments&post=16689"}],"version-history":[{"count":0,"href":"https:\/\/treina.online\/index.php?rest_route=\/wp\/v2\/product\/16689\/revisions"}],"wp:attachment":[{"href":"https:\/\/treina.online\/index.php?rest_route=%2Fwp%2Fv2%2Fmedia&parent=16689"}],"wp:term":[{"taxonomy":"product_brand","embeddable":true,"href":"https:\/\/treina.online\/index.php?rest_route=%2Fwp%2Fv2%2Fproduct_brand&post=16689"},{"taxonomy":"product_cat","embeddable":true,"href":"https:\/\/treina.online\/index.php?rest_route=%2Fwp%2Fv2%2Fproduct_cat&post=16689"},{"taxonomy":"product_tag","embeddable":true,"href":"https:\/\/treina.online\/index.php?rest_route=%2Fwp%2Fv2%2Fproduct_tag&post=16689"}],"curies":[{"name":"wp","href":"https:\/\/api.w.org\/{rel}","templated":true}]}}