{"id":16685,"date":"2021-01-24T17:59:23","date_gmt":"2021-01-24T19:59:23","guid":{"rendered":"http:\/\/ecursos.treinaonline.com\/produto\/curso-de-contabilidade-financeira-planejamento\/"},"modified":"2021-01-24T17:59:23","modified_gmt":"2021-01-24T19:59:23","slug":"curso-de-contabilidade-financeira-planejamento","status":"publish","type":"product","link":"https:\/\/treina.online\/?product=curso-de-contabilidade-financeira-planejamento","title":{"rendered":"Curso de Contabilidade Financeira: Planejamento"},"content":{"rendered":"<p>Explica Objetivos do Planejamento Or\u00e7ament\u00e1rio \u0096 parte 1, Objetivos do Planejamento Or\u00e7ament\u00e1rio \u0096 parte 2, Objetivos do Planejamento Or\u00e7ament\u00e1rio \u0096 parte 3 e Recursos para o or\u00e7amento.<\/p>\n<p>Sobre a carga hor\u00e1ria:<br \/>\nO curso possui 10 horas de carga hor\u00e1ria.<\/p>\n","protected":false},"excerpt":{"rendered":"<p>Explica Objetivos do Planejamento Or\u00e7ament\u00e1rio \u0096 parte 1, Objetivos do Planejamento Or\u00e7ament\u00e1rio \u0096 parte 2, Objetivos do Planejamento Or\u00e7ament\u00e1rio \u0096 parte 3 e Recursos para o or\u00e7amento. Sobre a carga hor\u00e1ria: O curso possui 10 horas de carga hor\u00e1ria.<\/p>\n","protected":false},"featured_media":0,"comment_status":"open","ping_status":"closed","template":"","meta":[],"product_brand":[],"product_cat":[206],"product_tag":[],"class_list":{"0":"post-16685","1":"product","2":"type-product","3":"status-publish","5":"product_cat-contabilidade","6":"post","8":"first","9":"instock","10":"virtual","11":"sold-individually","12":"product-type-simple"},"_links":{"self":[{"href":"https:\/\/treina.online\/index.php?rest_route=\/wp\/v2\/product\/16685","targetHints":{"allow":["GET"]}}],"collection":[{"href":"https:\/\/treina.online\/index.php?rest_route=\/wp\/v2\/product"}],"about":[{"href":"https:\/\/treina.online\/index.php?rest_route=\/wp\/v2\/types\/product"}],"replies":[{"embeddable":true,"href":"https:\/\/treina.online\/index.php?rest_route=%2Fwp%2Fv2%2Fcomments&post=16685"}],"version-history":[{"count":0,"href":"https:\/\/treina.online\/index.php?rest_route=\/wp\/v2\/product\/16685\/revisions"}],"wp:attachment":[{"href":"https:\/\/treina.online\/index.php?rest_route=%2Fwp%2Fv2%2Fmedia&parent=16685"}],"wp:term":[{"taxonomy":"product_brand","embeddable":true,"href":"https:\/\/treina.online\/index.php?rest_route=%2Fwp%2Fv2%2Fproduct_brand&post=16685"},{"taxonomy":"product_cat","embeddable":true,"href":"https:\/\/treina.online\/index.php?rest_route=%2Fwp%2Fv2%2Fproduct_cat&post=16685"},{"taxonomy":"product_tag","embeddable":true,"href":"https:\/\/treina.online\/index.php?rest_route=%2Fwp%2Fv2%2Fproduct_tag&post=16685"}],"curies":[{"name":"wp","href":"https:\/\/api.w.org\/{rel}","templated":true}]}}