{"id":16684,"date":"2021-01-24T17:59:22","date_gmt":"2021-01-24T19:59:22","guid":{"rendered":"http:\/\/ecursos.treinaonline.com\/produto\/curso-de-contabilidade-financeira-e-gerencial\/"},"modified":"2021-01-24T17:59:22","modified_gmt":"2021-01-24T19:59:22","slug":"curso-de-contabilidade-financeira-e-gerencial","status":"publish","type":"product","link":"https:\/\/treina.online\/?product=curso-de-contabilidade-financeira-e-gerencial","title":{"rendered":"Curso de Contabilidade Financeira e Gerencial"},"content":{"rendered":"<p>Voc\u00ea aprende a transformar o Balanced scorecard, ou seja, a estrat\u00e9gia do neg\u00f3cio, em indicadores e fazer com que esses indicadores sejam transformados em dinheiro. E tamb\u00e9m as principais etapas para se implantar um planejamento or\u00e7ament\u00e1rio eficiente dentro de uma empresa, como: os passos, o que \u00e9 necess\u00e1rio, os cursos necess\u00e1rios, como controlar o or\u00e7amento e muito mais!<\/p>\n<p>Sobre a carga hor\u00e1ria:<br \/>\nO curso possui 80 horas de carga hor\u00e1ria. Por\u00e9m, se for conclu\u00eddo antes de 5 dias, passa a ter 10 horas de carga hor\u00e1ria. Conforme nosso contrato e termos de uso.<\/p>\n","protected":false},"excerpt":{"rendered":"<p>Voc\u00ea aprende a transformar o Balanced scorecard, ou seja, a estrat\u00e9gia do neg\u00f3cio, em indicadores e fazer com que esses indicadores sejam transformados em dinheiro. E tamb\u00e9m as principais etapas para se implantar um planejamento or\u00e7ament\u00e1rio eficiente dentro de uma empresa, como: os passos, o que \u00e9 necess\u00e1rio, os cursos necess\u00e1rios, como controlar o or\u00e7amento e muito mais! Sobre a [&hellip;]<\/p>\n","protected":false},"featured_media":0,"comment_status":"open","ping_status":"closed","template":"","meta":[],"product_brand":[],"product_cat":[206],"product_tag":[],"class_list":{"0":"post-16684","1":"product","2":"type-product","3":"status-publish","5":"product_cat-contabilidade","6":"post","8":"first","9":"instock","10":"virtual","11":"sold-individually","12":"product-type-simple"},"_links":{"self":[{"href":"https:\/\/treina.online\/index.php?rest_route=\/wp\/v2\/product\/16684","targetHints":{"allow":["GET"]}}],"collection":[{"href":"https:\/\/treina.online\/index.php?rest_route=\/wp\/v2\/product"}],"about":[{"href":"https:\/\/treina.online\/index.php?rest_route=\/wp\/v2\/types\/product"}],"replies":[{"embeddable":true,"href":"https:\/\/treina.online\/index.php?rest_route=%2Fwp%2Fv2%2Fcomments&post=16684"}],"version-history":[{"count":0,"href":"https:\/\/treina.online\/index.php?rest_route=\/wp\/v2\/product\/16684\/revisions"}],"wp:attachment":[{"href":"https:\/\/treina.online\/index.php?rest_route=%2Fwp%2Fv2%2Fmedia&parent=16684"}],"wp:term":[{"taxonomy":"product_brand","embeddable":true,"href":"https:\/\/treina.online\/index.php?rest_route=%2Fwp%2Fv2%2Fproduct_brand&post=16684"},{"taxonomy":"product_cat","embeddable":true,"href":"https:\/\/treina.online\/index.php?rest_route=%2Fwp%2Fv2%2Fproduct_cat&post=16684"},{"taxonomy":"product_tag","embeddable":true,"href":"https:\/\/treina.online\/index.php?rest_route=%2Fwp%2Fv2%2Fproduct_tag&post=16684"}],"curies":[{"name":"wp","href":"https:\/\/api.w.org\/{rel}","templated":true}]}}