{"id":16674,"date":"2021-01-24T17:59:08","date_gmt":"2021-01-24T19:59:08","guid":{"rendered":"http:\/\/ecursos.treinaonline.com\/produto\/curso-de-comunicacao-para-vendas\/"},"modified":"2021-01-24T17:59:08","modified_gmt":"2021-01-24T19:59:08","slug":"curso-de-comunicacao-para-vendas","status":"publish","type":"product","link":"https:\/\/treina.online\/?product=curso-de-comunicacao-para-vendas","title":{"rendered":"Curso de Comunica\u00e7\u00e3o para Vendas"},"content":{"rendered":"<p>Voc\u00ea aprende diversas t\u00e9cnicas de comunica\u00e7\u00e3o de vendas, como por exemplo: t\u00e9cnica de persuas\u00e3o, como ser um vendedor profissional, de como agregar valor \u00e0 objetos, poder de argumenta\u00e7\u00e3o atrav\u00e9s do estudo de produtos e muito mais.<\/p>\n<p>Sobre a carga hor\u00e1ria:<br \/>\nO curso possui 80 horas de carga hor\u00e1ria. Por\u00e9m, se for conclu\u00eddo antes de 5 dias, passa a ter 10 horas de carga hor\u00e1ria. Conforme nosso contrato e termos de uso.<\/p>\n","protected":false},"excerpt":{"rendered":"<p>Voc\u00ea aprende diversas t\u00e9cnicas de comunica\u00e7\u00e3o de vendas, como por exemplo: t\u00e9cnica de persuas\u00e3o, como ser um vendedor profissional, de como agregar valor \u00e0 objetos, poder de argumenta\u00e7\u00e3o atrav\u00e9s do estudo de produtos e muito mais. Sobre a carga hor\u00e1ria: O curso possui 80 horas de carga hor\u00e1ria. Por\u00e9m, se for conclu\u00eddo antes de 5 dias, passa a ter 10 [&hellip;]<\/p>\n","protected":false},"featured_media":0,"comment_status":"open","ping_status":"closed","template":"","meta":[],"product_brand":[],"product_cat":[237],"product_tag":[],"class_list":{"0":"post-16674","1":"product","2":"type-product","3":"status-publish","5":"product_cat-vendas","6":"post","8":"first","9":"instock","10":"virtual","11":"sold-individually","12":"product-type-simple"},"_links":{"self":[{"href":"https:\/\/treina.online\/index.php?rest_route=\/wp\/v2\/product\/16674","targetHints":{"allow":["GET"]}}],"collection":[{"href":"https:\/\/treina.online\/index.php?rest_route=\/wp\/v2\/product"}],"about":[{"href":"https:\/\/treina.online\/index.php?rest_route=\/wp\/v2\/types\/product"}],"replies":[{"embeddable":true,"href":"https:\/\/treina.online\/index.php?rest_route=%2Fwp%2Fv2%2Fcomments&post=16674"}],"version-history":[{"count":0,"href":"https:\/\/treina.online\/index.php?rest_route=\/wp\/v2\/product\/16674\/revisions"}],"wp:attachment":[{"href":"https:\/\/treina.online\/index.php?rest_route=%2Fwp%2Fv2%2Fmedia&parent=16674"}],"wp:term":[{"taxonomy":"product_brand","embeddable":true,"href":"https:\/\/treina.online\/index.php?rest_route=%2Fwp%2Fv2%2Fproduct_brand&post=16674"},{"taxonomy":"product_cat","embeddable":true,"href":"https:\/\/treina.online\/index.php?rest_route=%2Fwp%2Fv2%2Fproduct_cat&post=16674"},{"taxonomy":"product_tag","embeddable":true,"href":"https:\/\/treina.online\/index.php?rest_route=%2Fwp%2Fv2%2Fproduct_tag&post=16674"}],"curies":[{"name":"wp","href":"https:\/\/api.w.org\/{rel}","templated":true}]}}