{"id":16671,"date":"2021-01-24T17:59:06","date_gmt":"2021-01-24T19:59:06","guid":{"rendered":"http:\/\/ecursos.treinaonline.com\/produto\/curso-de-comportamento-e-comunic-em-eventos\/"},"modified":"2021-01-24T17:59:06","modified_gmt":"2021-01-24T19:59:06","slug":"curso-de-comportamento-e-comunic-em-eventos","status":"publish","type":"product","link":"https:\/\/treina.online\/?product=curso-de-comportamento-e-comunic-em-eventos","title":{"rendered":"Curso de Comportamento e comunic. em eventos"},"content":{"rendered":"<p>Explica sobre a organiza\u00e7\u00e3o de um evento, entender a organiza\u00e7\u00e3o estrutural, social e terceirizada, al\u00e9m de compreender a etiqueta social e empresarial.<\/p>\n<p>Sobre a carga hor\u00e1ria:<br \/>\nO curso possui 80 horas de carga hor\u00e1ria. Por\u00e9m, se for conclu\u00eddo antes de 5 dias, passa a ter 10 horas de carga hor\u00e1ria. Conforme nosso contrato e termos de uso.<\/p>\n","protected":false},"excerpt":{"rendered":"<p>Explica sobre a organiza\u00e7\u00e3o de um evento, entender a organiza\u00e7\u00e3o estrutural, social e terceirizada, al\u00e9m de compreender a etiqueta social e empresarial. Sobre a carga hor\u00e1ria: O curso possui 80 horas de carga hor\u00e1ria. Por\u00e9m, se for conclu\u00eddo antes de 5 dias, passa a ter 10 horas de carga hor\u00e1ria. Conforme nosso contrato e termos de uso.<\/p>\n","protected":false},"featured_media":0,"comment_status":"open","ping_status":"closed","template":"","meta":[],"product_brand":[],"product_cat":[218],"product_tag":[],"class_list":{"0":"post-16671","1":"product","2":"type-product","3":"status-publish","5":"product_cat-evento-turismo-e-hotelaria","6":"post","8":"first","9":"instock","10":"virtual","11":"sold-individually","12":"product-type-simple"},"_links":{"self":[{"href":"https:\/\/treina.online\/index.php?rest_route=\/wp\/v2\/product\/16671","targetHints":{"allow":["GET"]}}],"collection":[{"href":"https:\/\/treina.online\/index.php?rest_route=\/wp\/v2\/product"}],"about":[{"href":"https:\/\/treina.online\/index.php?rest_route=\/wp\/v2\/types\/product"}],"replies":[{"embeddable":true,"href":"https:\/\/treina.online\/index.php?rest_route=%2Fwp%2Fv2%2Fcomments&post=16671"}],"version-history":[{"count":0,"href":"https:\/\/treina.online\/index.php?rest_route=\/wp\/v2\/product\/16671\/revisions"}],"wp:attachment":[{"href":"https:\/\/treina.online\/index.php?rest_route=%2Fwp%2Fv2%2Fmedia&parent=16671"}],"wp:term":[{"taxonomy":"product_brand","embeddable":true,"href":"https:\/\/treina.online\/index.php?rest_route=%2Fwp%2Fv2%2Fproduct_brand&post=16671"},{"taxonomy":"product_cat","embeddable":true,"href":"https:\/\/treina.online\/index.php?rest_route=%2Fwp%2Fv2%2Fproduct_cat&post=16671"},{"taxonomy":"product_tag","embeddable":true,"href":"https:\/\/treina.online\/index.php?rest_route=%2Fwp%2Fv2%2Fproduct_tag&post=16671"}],"curies":[{"name":"wp","href":"https:\/\/api.w.org\/{rel}","templated":true}]}}