{"id":16664,"date":"2021-01-24T17:59:02","date_gmt":"2021-01-24T19:59:02","guid":{"rendered":"http:\/\/ecursos.treinaonline.com\/produto\/curso-de-como-trabalhar-home-office-introducao\/"},"modified":"2021-01-24T17:59:02","modified_gmt":"2021-01-24T19:59:02","slug":"curso-de-como-trabalhar-home-office-introducao","status":"publish","type":"product","link":"https:\/\/treina.online\/?product=curso-de-como-trabalhar-home-office-introducao","title":{"rendered":"Curso de Como Trabalhar Home Office: Introdu\u00e7\u00e3o"},"content":{"rendered":"<p>Aborda Defini\u00e7\u00e3o, Modalidades, Mitos e verdades, Empreendedor\/aut\u00f4nomo, Contratado de uma empresa, Onde se trabalha? e Qual o seu neg\u00f3cio?.<\/p>\n<p>Sobre a carga hor\u00e1ria:<br \/>\nO curso possui 10 horas de carga hor\u00e1ria.<\/p>\n","protected":false},"excerpt":{"rendered":"<p>Aborda Defini\u00e7\u00e3o, Modalidades, Mitos e verdades, Empreendedor\/aut\u00f4nomo, Contratado de uma empresa, Onde se trabalha? e Qual o seu neg\u00f3cio?. Sobre a carga hor\u00e1ria: O curso possui 10 horas de carga hor\u00e1ria.<\/p>\n","protected":false},"featured_media":0,"comment_status":"open","ping_status":"closed","template":"","meta":[],"product_brand":[],"product_cat":[199],"product_tag":[],"class_list":{"0":"post-16664","1":"product","2":"type-product","3":"status-publish","5":"product_cat-administracao","6":"post","8":"first","9":"instock","10":"virtual","11":"sold-individually","12":"product-type-simple"},"_links":{"self":[{"href":"https:\/\/treina.online\/index.php?rest_route=\/wp\/v2\/product\/16664","targetHints":{"allow":["GET"]}}],"collection":[{"href":"https:\/\/treina.online\/index.php?rest_route=\/wp\/v2\/product"}],"about":[{"href":"https:\/\/treina.online\/index.php?rest_route=\/wp\/v2\/types\/product"}],"replies":[{"embeddable":true,"href":"https:\/\/treina.online\/index.php?rest_route=%2Fwp%2Fv2%2Fcomments&post=16664"}],"version-history":[{"count":0,"href":"https:\/\/treina.online\/index.php?rest_route=\/wp\/v2\/product\/16664\/revisions"}],"wp:attachment":[{"href":"https:\/\/treina.online\/index.php?rest_route=%2Fwp%2Fv2%2Fmedia&parent=16664"}],"wp:term":[{"taxonomy":"product_brand","embeddable":true,"href":"https:\/\/treina.online\/index.php?rest_route=%2Fwp%2Fv2%2Fproduct_brand&post=16664"},{"taxonomy":"product_cat","embeddable":true,"href":"https:\/\/treina.online\/index.php?rest_route=%2Fwp%2Fv2%2Fproduct_cat&post=16664"},{"taxonomy":"product_tag","embeddable":true,"href":"https:\/\/treina.online\/index.php?rest_route=%2Fwp%2Fv2%2Fproduct_tag&post=16664"}],"curies":[{"name":"wp","href":"https:\/\/api.w.org\/{rel}","templated":true}]}}