{"id":16661,"date":"2021-01-24T17:58:59","date_gmt":"2021-01-24T19:58:59","guid":{"rendered":"http:\/\/ecursos.treinaonline.com\/produto\/curso-de-como-ser-um-youtuber\/"},"modified":"2021-01-24T17:58:59","modified_gmt":"2021-01-24T19:58:59","slug":"curso-de-como-ser-um-youtuber","status":"publish","type":"product","link":"https:\/\/treina.online\/?product=curso-de-como-ser-um-youtuber","title":{"rendered":"Curso de Como ser um Youtuber"},"content":{"rendered":"<p>Voc\u00ea aprende t\u00e9cnicas de como ser um Youtuber, como: editar, monitorar seu v\u00eddeo, captar o \u00e1udio sem eco, todo esquema de ilumina\u00e7\u00e3o, network, colabora\u00e7\u00e3o, como monitorar seu\u00b4p\u00fablico e muito mais.<\/p>\n<p>Sobre a carga hor\u00e1ria:<br \/>\nO curso possui 80 horas de carga hor\u00e1ria. Por\u00e9m, se for conclu\u00eddo antes de 5 dias, passa a ter 10 horas de carga hor\u00e1ria. Conforme nosso contrato e termos de uso.<\/p>\n","protected":false},"excerpt":{"rendered":"<p>Voc\u00ea aprende t\u00e9cnicas de como ser um Youtuber, como: editar, monitorar seu v\u00eddeo, captar o \u00e1udio sem eco, todo esquema de ilumina\u00e7\u00e3o, network, colabora\u00e7\u00e3o, como monitorar seu\u00b4p\u00fablico e muito mais. Sobre a carga hor\u00e1ria: O curso possui 80 horas de carga hor\u00e1ria. Por\u00e9m, se for conclu\u00eddo antes de 5 dias, passa a ter 10 horas de carga hor\u00e1ria. Conforme nosso [&hellip;]<\/p>\n","protected":false},"featured_media":0,"comment_status":"open","ping_status":"closed","template":"","meta":[],"product_brand":[],"product_cat":[222],"product_tag":[],"class_list":{"0":"post-16661","1":"product","2":"type-product","3":"status-publish","5":"product_cat-fotografia-e-video","6":"post","8":"first","9":"instock","10":"virtual","11":"sold-individually","12":"product-type-simple"},"_links":{"self":[{"href":"https:\/\/treina.online\/index.php?rest_route=\/wp\/v2\/product\/16661","targetHints":{"allow":["GET"]}}],"collection":[{"href":"https:\/\/treina.online\/index.php?rest_route=\/wp\/v2\/product"}],"about":[{"href":"https:\/\/treina.online\/index.php?rest_route=\/wp\/v2\/types\/product"}],"replies":[{"embeddable":true,"href":"https:\/\/treina.online\/index.php?rest_route=%2Fwp%2Fv2%2Fcomments&post=16661"}],"version-history":[{"count":0,"href":"https:\/\/treina.online\/index.php?rest_route=\/wp\/v2\/product\/16661\/revisions"}],"wp:attachment":[{"href":"https:\/\/treina.online\/index.php?rest_route=%2Fwp%2Fv2%2Fmedia&parent=16661"}],"wp:term":[{"taxonomy":"product_brand","embeddable":true,"href":"https:\/\/treina.online\/index.php?rest_route=%2Fwp%2Fv2%2Fproduct_brand&post=16661"},{"taxonomy":"product_cat","embeddable":true,"href":"https:\/\/treina.online\/index.php?rest_route=%2Fwp%2Fv2%2Fproduct_cat&post=16661"},{"taxonomy":"product_tag","embeddable":true,"href":"https:\/\/treina.online\/index.php?rest_route=%2Fwp%2Fv2%2Fproduct_tag&post=16661"}],"curies":[{"name":"wp","href":"https:\/\/api.w.org\/{rel}","templated":true}]}}