{"id":16659,"date":"2021-01-24T17:58:52","date_gmt":"2021-01-24T19:58:52","guid":{"rendered":"http:\/\/ecursos.treinaonline.com\/produto\/curso-de-como-ser-um-coach\/"},"modified":"2021-01-24T17:58:52","modified_gmt":"2021-01-24T19:58:52","slug":"curso-de-como-ser-um-coach","status":"publish","type":"product","link":"https:\/\/treina.online\/?product=curso-de-como-ser-um-coach","title":{"rendered":"Curso de Como ser um Coach"},"content":{"rendered":"<p>Voc\u00ea aprende como ser um coach de sucesso, como escolher as ferramentas para utilizar com seu coachee, os valores que voc\u00ea deve cobrar, os tipos de coaching, onde buscar as t\u00e9cnicas e ferramentas, e muito mais! <\/p>\n<p>Sobre a carga hor\u00e1ria:<br \/>\nO curso possui 80 horas de carga hor\u00e1ria. Por\u00e9m, se for conclu\u00eddo antes de 5 dias, passa a ter 10 horas de carga hor\u00e1ria. Conforme nosso contrato e termos de uso.<\/p>\n","protected":false},"excerpt":{"rendered":"<p>Voc\u00ea aprende como ser um coach de sucesso, como escolher as ferramentas para utilizar com seu coachee, os valores que voc\u00ea deve cobrar, os tipos de coaching, onde buscar as t\u00e9cnicas e ferramentas, e muito mais! Sobre a carga hor\u00e1ria: O curso possui 80 horas de carga hor\u00e1ria. Por\u00e9m, se for conclu\u00eddo antes de 5 dias, passa a ter 10 [&hellip;]<\/p>\n","protected":false},"featured_media":0,"comment_status":"open","ping_status":"closed","template":"","meta":[],"product_brand":[],"product_cat":[236],"product_tag":[],"class_list":{"0":"post-16659","1":"product","2":"type-product","3":"status-publish","5":"product_cat-recursos-humanos","6":"post","8":"first","9":"instock","10":"virtual","11":"sold-individually","12":"product-type-simple"},"_links":{"self":[{"href":"https:\/\/treina.online\/index.php?rest_route=\/wp\/v2\/product\/16659","targetHints":{"allow":["GET"]}}],"collection":[{"href":"https:\/\/treina.online\/index.php?rest_route=\/wp\/v2\/product"}],"about":[{"href":"https:\/\/treina.online\/index.php?rest_route=\/wp\/v2\/types\/product"}],"replies":[{"embeddable":true,"href":"https:\/\/treina.online\/index.php?rest_route=%2Fwp%2Fv2%2Fcomments&post=16659"}],"version-history":[{"count":0,"href":"https:\/\/treina.online\/index.php?rest_route=\/wp\/v2\/product\/16659\/revisions"}],"wp:attachment":[{"href":"https:\/\/treina.online\/index.php?rest_route=%2Fwp%2Fv2%2Fmedia&parent=16659"}],"wp:term":[{"taxonomy":"product_brand","embeddable":true,"href":"https:\/\/treina.online\/index.php?rest_route=%2Fwp%2Fv2%2Fproduct_brand&post=16659"},{"taxonomy":"product_cat","embeddable":true,"href":"https:\/\/treina.online\/index.php?rest_route=%2Fwp%2Fv2%2Fproduct_cat&post=16659"},{"taxonomy":"product_tag","embeddable":true,"href":"https:\/\/treina.online\/index.php?rest_route=%2Fwp%2Fv2%2Fproduct_tag&post=16659"}],"curies":[{"name":"wp","href":"https:\/\/api.w.org\/{rel}","templated":true}]}}