{"id":16656,"date":"2021-01-24T17:58:49","date_gmt":"2021-01-24T19:58:49","guid":{"rendered":"http:\/\/ecursos.treinaonline.com\/produto\/curso-de-como-organizar-o-orcamento-familiar\/"},"modified":"2021-01-24T17:58:49","modified_gmt":"2021-01-24T19:58:49","slug":"curso-de-como-organizar-o-orcamento-familiar","status":"publish","type":"product","link":"https:\/\/treina.online\/?product=curso-de-como-organizar-o-orcamento-familiar","title":{"rendered":"Curso de Como Organizar o Or\u00e7amento Familiar"},"content":{"rendered":"<p>Voc\u00ea aprende como gerir planilhas de or\u00e7amento familiar, como o consumo consciente pode ser importante dentro do seu or\u00e7amento, como atrav\u00e9s do controle do or\u00e7amento voc\u00ea pode viabilizar projetos e sonhos, como gerir os gastos de maneira eficiente e muito mais!<\/p>\n<p>Sobre a carga hor\u00e1ria:<br \/>\nO curso possui 80 horas de carga hor\u00e1ria. Por\u00e9m, se for conclu\u00eddo antes de 5 dias, passa a ter 10 horas de carga hor\u00e1ria. Conforme nosso contrato e termos de uso.<\/p>\n","protected":false},"excerpt":{"rendered":"<p>Voc\u00ea aprende como gerir planilhas de or\u00e7amento familiar, como o consumo consciente pode ser importante dentro do seu or\u00e7amento, como atrav\u00e9s do controle do or\u00e7amento voc\u00ea pode viabilizar projetos e sonhos, como gerir os gastos de maneira eficiente e muito mais! Sobre a carga hor\u00e1ria: O curso possui 80 horas de carga hor\u00e1ria. Por\u00e9m, se for conclu\u00eddo antes de 5 [&hellip;]<\/p>\n","protected":false},"featured_media":0,"comment_status":"open","ping_status":"closed","template":"","meta":[],"product_brand":[],"product_cat":[206],"product_tag":[],"class_list":{"0":"post-16656","1":"product","2":"type-product","3":"status-publish","5":"product_cat-contabilidade","6":"post","8":"first","9":"instock","10":"virtual","11":"sold-individually","12":"product-type-simple"},"_links":{"self":[{"href":"https:\/\/treina.online\/index.php?rest_route=\/wp\/v2\/product\/16656","targetHints":{"allow":["GET"]}}],"collection":[{"href":"https:\/\/treina.online\/index.php?rest_route=\/wp\/v2\/product"}],"about":[{"href":"https:\/\/treina.online\/index.php?rest_route=\/wp\/v2\/types\/product"}],"replies":[{"embeddable":true,"href":"https:\/\/treina.online\/index.php?rest_route=%2Fwp%2Fv2%2Fcomments&post=16656"}],"version-history":[{"count":0,"href":"https:\/\/treina.online\/index.php?rest_route=\/wp\/v2\/product\/16656\/revisions"}],"wp:attachment":[{"href":"https:\/\/treina.online\/index.php?rest_route=%2Fwp%2Fv2%2Fmedia&parent=16656"}],"wp:term":[{"taxonomy":"product_brand","embeddable":true,"href":"https:\/\/treina.online\/index.php?rest_route=%2Fwp%2Fv2%2Fproduct_brand&post=16656"},{"taxonomy":"product_cat","embeddable":true,"href":"https:\/\/treina.online\/index.php?rest_route=%2Fwp%2Fv2%2Fproduct_cat&post=16656"},{"taxonomy":"product_tag","embeddable":true,"href":"https:\/\/treina.online\/index.php?rest_route=%2Fwp%2Fv2%2Fproduct_tag&post=16656"}],"curies":[{"name":"wp","href":"https:\/\/api.w.org\/{rel}","templated":true}]}}