{"id":16643,"date":"2021-01-24T17:58:37","date_gmt":"2021-01-24T19:58:37","guid":{"rendered":"http:\/\/ecursos.treinaonline.com\/produto\/curso-de-como-fazer-investimentos-introducao\/"},"modified":"2021-01-24T17:58:37","modified_gmt":"2021-01-24T19:58:37","slug":"curso-de-como-fazer-investimentos-introducao","status":"publish","type":"product","link":"https:\/\/treina.online\/?product=curso-de-como-fazer-investimentos-introducao","title":{"rendered":"Curso de Como Fazer Investimentos: Introdu\u00e7\u00e3o"},"content":{"rendered":"<p>Ensina Entendendo os investimentos, Diferen\u00e7a entre ganho f\u00e1cil e investimentos, Diferen\u00e7a entre jogos e investimentos, O que s\u00e3o investimentos?, Diferen\u00e7as entre os investimentos, Similaridades entre os investimentos, Por que devo investir?, Quais s\u00e3o os pontos positivos ao me tornar um investidor?, Quem pode se tornar investidor?, O que s\u00e3o investidores?, An\u00e1lise de Perfil e Conhecendo-se para investir.<\/p>\n<p>Sobre a carga hor\u00e1ria:<br \/>\nO curso possui 10 horas de carga hor\u00e1ria.<\/p>\n","protected":false},"excerpt":{"rendered":"<p>Ensina Entendendo os investimentos, Diferen\u00e7a entre ganho f\u00e1cil e investimentos, Diferen\u00e7a entre jogos e investimentos, O que s\u00e3o investimentos?, Diferen\u00e7as entre os investimentos, Similaridades entre os investimentos, Por que devo investir?, Quais s\u00e3o os pontos positivos ao me tornar um investidor?, Quem pode se tornar investidor?, O que s\u00e3o investidores?, An\u00e1lise de Perfil e Conhecendo-se para investir. Sobre a carga [&hellip;]<\/p>\n","protected":false},"featured_media":0,"comment_status":"open","ping_status":"closed","template":"","meta":[],"product_brand":[],"product_cat":[220],"product_tag":[],"class_list":{"0":"post-16643","1":"product","2":"type-product","3":"status-publish","5":"product_cat-financas","6":"post","8":"first","9":"instock","10":"virtual","11":"sold-individually","12":"product-type-simple"},"_links":{"self":[{"href":"https:\/\/treina.online\/index.php?rest_route=\/wp\/v2\/product\/16643","targetHints":{"allow":["GET"]}}],"collection":[{"href":"https:\/\/treina.online\/index.php?rest_route=\/wp\/v2\/product"}],"about":[{"href":"https:\/\/treina.online\/index.php?rest_route=\/wp\/v2\/types\/product"}],"replies":[{"embeddable":true,"href":"https:\/\/treina.online\/index.php?rest_route=%2Fwp%2Fv2%2Fcomments&post=16643"}],"version-history":[{"count":0,"href":"https:\/\/treina.online\/index.php?rest_route=\/wp\/v2\/product\/16643\/revisions"}],"wp:attachment":[{"href":"https:\/\/treina.online\/index.php?rest_route=%2Fwp%2Fv2%2Fmedia&parent=16643"}],"wp:term":[{"taxonomy":"product_brand","embeddable":true,"href":"https:\/\/treina.online\/index.php?rest_route=%2Fwp%2Fv2%2Fproduct_brand&post=16643"},{"taxonomy":"product_cat","embeddable":true,"href":"https:\/\/treina.online\/index.php?rest_route=%2Fwp%2Fv2%2Fproduct_cat&post=16643"},{"taxonomy":"product_tag","embeddable":true,"href":"https:\/\/treina.online\/index.php?rest_route=%2Fwp%2Fv2%2Fproduct_tag&post=16643"}],"curies":[{"name":"wp","href":"https:\/\/api.w.org\/{rel}","templated":true}]}}