{"id":16641,"date":"2021-01-24T17:58:35","date_gmt":"2021-01-24T19:58:35","guid":{"rendered":"http:\/\/ecursos.treinaonline.com\/produto\/curso-de-como-falar-em-publico\/"},"modified":"2021-01-24T17:58:35","modified_gmt":"2021-01-24T19:58:35","slug":"curso-de-como-falar-em-publico","status":"publish","type":"product","link":"https:\/\/treina.online\/?product=curso-de-como-falar-em-publico","title":{"rendered":"Curso de Como falar em p\u00fablico"},"content":{"rendered":"<p>Ensina a estruturar o conte\u00fado para uma apresenta\u00e7\u00e3o, fala sobre o uso de apresenta\u00e7\u00f5es visuais, microfone, TP e trajes, al\u00e9m de ensinar cuidados com a alimenta\u00e7\u00e3o, voz, tiques, sotaques e improvisos.<\/p>\n<p>Sobre a carga hor\u00e1ria:<br \/>\nO curso possui 80 horas de carga hor\u00e1ria. Por\u00e9m, se for conclu\u00eddo antes de 5 dias, passa a ter 10 horas de carga hor\u00e1ria. Conforme nosso contrato e termos de uso.<\/p>\n","protected":false},"excerpt":{"rendered":"<p>Ensina a estruturar o conte\u00fado para uma apresenta\u00e7\u00e3o, fala sobre o uso de apresenta\u00e7\u00f5es visuais, microfone, TP e trajes, al\u00e9m de ensinar cuidados com a alimenta\u00e7\u00e3o, voz, tiques, sotaques e improvisos. Sobre a carga hor\u00e1ria: O curso possui 80 horas de carga hor\u00e1ria. Por\u00e9m, se for conclu\u00eddo antes de 5 dias, passa a ter 10 horas de carga hor\u00e1ria. Conforme [&hellip;]<\/p>\n","protected":false},"featured_media":0,"comment_status":"open","ping_status":"closed","template":"","meta":[],"product_brand":[],"product_cat":[207],"product_tag":[],"class_list":{"0":"post-16641","1":"product","2":"type-product","3":"status-publish","5":"product_cat-cotidiano","6":"post","8":"first","9":"instock","10":"virtual","11":"sold-individually","12":"product-type-simple"},"_links":{"self":[{"href":"https:\/\/treina.online\/index.php?rest_route=\/wp\/v2\/product\/16641","targetHints":{"allow":["GET"]}}],"collection":[{"href":"https:\/\/treina.online\/index.php?rest_route=\/wp\/v2\/product"}],"about":[{"href":"https:\/\/treina.online\/index.php?rest_route=\/wp\/v2\/types\/product"}],"replies":[{"embeddable":true,"href":"https:\/\/treina.online\/index.php?rest_route=%2Fwp%2Fv2%2Fcomments&post=16641"}],"version-history":[{"count":0,"href":"https:\/\/treina.online\/index.php?rest_route=\/wp\/v2\/product\/16641\/revisions"}],"wp:attachment":[{"href":"https:\/\/treina.online\/index.php?rest_route=%2Fwp%2Fv2%2Fmedia&parent=16641"}],"wp:term":[{"taxonomy":"product_brand","embeddable":true,"href":"https:\/\/treina.online\/index.php?rest_route=%2Fwp%2Fv2%2Fproduct_brand&post=16641"},{"taxonomy":"product_cat","embeddable":true,"href":"https:\/\/treina.online\/index.php?rest_route=%2Fwp%2Fv2%2Fproduct_cat&post=16641"},{"taxonomy":"product_tag","embeddable":true,"href":"https:\/\/treina.online\/index.php?rest_route=%2Fwp%2Fv2%2Fproduct_tag&post=16641"}],"curies":[{"name":"wp","href":"https:\/\/api.w.org\/{rel}","templated":true}]}}