{"id":16639,"date":"2021-01-24T17:58:26","date_gmt":"2021-01-24T19:58:26","guid":{"rendered":"http:\/\/ecursos.treinaonline.com\/produto\/curso-de-como-elaborar-um-orcamento-familiar-na-pratica\/"},"modified":"2021-01-24T17:58:26","modified_gmt":"2021-01-24T19:58:26","slug":"curso-de-como-elaborar-um-orcamento-familiar-na-pratica","status":"publish","type":"product","link":"https:\/\/treina.online\/?product=curso-de-como-elaborar-um-orcamento-familiar-na-pratica","title":{"rendered":"Curso de Como Elaborar um Or\u00e7amento Familiar na Pr\u00e1tica"},"content":{"rendered":"<p>Ensina Como elaborar um or\u00e7amento, Gest\u00e3o do or\u00e7amento, Renda, Gastos e Interpreta\u00e7\u00e3o.<\/p>\n<p>Sobre a carga hor\u00e1ria:<br \/>\nO curso possui 5 horas de carga hor\u00e1ria.<\/p>\n","protected":false},"excerpt":{"rendered":"<p>Ensina Como elaborar um or\u00e7amento, Gest\u00e3o do or\u00e7amento, Renda, Gastos e Interpreta\u00e7\u00e3o. Sobre a carga hor\u00e1ria: O curso possui 5 horas de carga hor\u00e1ria.<\/p>\n","protected":false},"featured_media":0,"comment_status":"open","ping_status":"closed","template":"","meta":[],"product_brand":[],"product_cat":[206],"product_tag":[],"class_list":{"0":"post-16639","1":"product","2":"type-product","3":"status-publish","5":"product_cat-contabilidade","6":"post","8":"first","9":"instock","10":"virtual","11":"sold-individually","12":"product-type-simple"},"_links":{"self":[{"href":"https:\/\/treina.online\/index.php?rest_route=\/wp\/v2\/product\/16639","targetHints":{"allow":["GET"]}}],"collection":[{"href":"https:\/\/treina.online\/index.php?rest_route=\/wp\/v2\/product"}],"about":[{"href":"https:\/\/treina.online\/index.php?rest_route=\/wp\/v2\/types\/product"}],"replies":[{"embeddable":true,"href":"https:\/\/treina.online\/index.php?rest_route=%2Fwp%2Fv2%2Fcomments&post=16639"}],"version-history":[{"count":0,"href":"https:\/\/treina.online\/index.php?rest_route=\/wp\/v2\/product\/16639\/revisions"}],"wp:attachment":[{"href":"https:\/\/treina.online\/index.php?rest_route=%2Fwp%2Fv2%2Fmedia&parent=16639"}],"wp:term":[{"taxonomy":"product_brand","embeddable":true,"href":"https:\/\/treina.online\/index.php?rest_route=%2Fwp%2Fv2%2Fproduct_brand&post=16639"},{"taxonomy":"product_cat","embeddable":true,"href":"https:\/\/treina.online\/index.php?rest_route=%2Fwp%2Fv2%2Fproduct_cat&post=16639"},{"taxonomy":"product_tag","embeddable":true,"href":"https:\/\/treina.online\/index.php?rest_route=%2Fwp%2Fv2%2Fproduct_tag&post=16639"}],"curies":[{"name":"wp","href":"https:\/\/api.w.org\/{rel}","templated":true}]}}