{"id":16633,"date":"2021-01-24T17:58:21","date_gmt":"2021-01-24T19:58:21","guid":{"rendered":"http:\/\/ecursos.treinaonline.com\/produto\/curso-de-como-desenvolver-a-inteligencia-social\/"},"modified":"2021-01-24T17:58:21","modified_gmt":"2021-01-24T19:58:21","slug":"curso-de-como-desenvolver-a-inteligencia-social","status":"publish","type":"product","link":"https:\/\/treina.online\/?product=curso-de-como-desenvolver-a-inteligencia-social","title":{"rendered":"Curso de Como Desenvolver a Intelig\u00eancia Social"},"content":{"rendered":"<p>Apresenta fundamenta\u00e7\u00e3o te\u00f3rica, dicas pr\u00e1ticas e exemplos sobre programa\u00e7\u00e3o neurolingu\u00edstica , desenvolvimento cognitivo e neuroci\u00eancia. <\/p>\n<p>Sobre a carga hor\u00e1ria:<br \/>\nO curso possui 80 horas de carga hor\u00e1ria. Por\u00e9m, se for conclu\u00eddo antes de 5 dias, passa a ter 10 horas de carga hor\u00e1ria. Conforme nosso contrato e termos de uso.<\/p>\n","protected":false},"excerpt":{"rendered":"<p>Apresenta fundamenta\u00e7\u00e3o te\u00f3rica, dicas pr\u00e1ticas e exemplos sobre programa\u00e7\u00e3o neurolingu\u00edstica , desenvolvimento cognitivo e neuroci\u00eancia. Sobre a carga hor\u00e1ria: O curso possui 80 horas de carga hor\u00e1ria. Por\u00e9m, se for conclu\u00eddo antes de 5 dias, passa a ter 10 horas de carga hor\u00e1ria. Conforme nosso contrato e termos de uso.<\/p>\n","protected":false},"featured_media":0,"comment_status":"open","ping_status":"closed","template":"","meta":[],"product_brand":[],"product_cat":[213],"product_tag":[],"class_list":{"0":"post-16633","1":"product","2":"type-product","3":"status-publish","5":"product_cat-educacao-e-pedagogia","6":"post","8":"first","9":"instock","10":"virtual","11":"sold-individually","12":"product-type-simple"},"_links":{"self":[{"href":"https:\/\/treina.online\/index.php?rest_route=\/wp\/v2\/product\/16633","targetHints":{"allow":["GET"]}}],"collection":[{"href":"https:\/\/treina.online\/index.php?rest_route=\/wp\/v2\/product"}],"about":[{"href":"https:\/\/treina.online\/index.php?rest_route=\/wp\/v2\/types\/product"}],"replies":[{"embeddable":true,"href":"https:\/\/treina.online\/index.php?rest_route=%2Fwp%2Fv2%2Fcomments&post=16633"}],"version-history":[{"count":0,"href":"https:\/\/treina.online\/index.php?rest_route=\/wp\/v2\/product\/16633\/revisions"}],"wp:attachment":[{"href":"https:\/\/treina.online\/index.php?rest_route=%2Fwp%2Fv2%2Fmedia&parent=16633"}],"wp:term":[{"taxonomy":"product_brand","embeddable":true,"href":"https:\/\/treina.online\/index.php?rest_route=%2Fwp%2Fv2%2Fproduct_brand&post=16633"},{"taxonomy":"product_cat","embeddable":true,"href":"https:\/\/treina.online\/index.php?rest_route=%2Fwp%2Fv2%2Fproduct_cat&post=16633"},{"taxonomy":"product_tag","embeddable":true,"href":"https:\/\/treina.online\/index.php?rest_route=%2Fwp%2Fv2%2Fproduct_tag&post=16633"}],"curies":[{"name":"wp","href":"https:\/\/api.w.org\/{rel}","templated":true}]}}