{"id":16626,"date":"2021-01-24T17:58:13","date_gmt":"2021-01-24T19:58:13","guid":{"rendered":"http:\/\/ecursos.treinaonline.com\/produto\/curso-de-como-criar-e-administrar-fanpages-no-facebook\/"},"modified":"2021-01-24T17:58:13","modified_gmt":"2021-01-24T19:58:13","slug":"curso-de-como-criar-e-administrar-fanpages-no-facebook","status":"publish","type":"product","link":"https:\/\/treina.online\/?product=curso-de-como-criar-e-administrar-fanpages-no-facebook","title":{"rendered":"Curso de Como Criar e Administrar Fanpages no Facebook"},"content":{"rendered":"<p>Apresenta As Fanpages, Como criar uma Fanpage, A import\u00e2ncia dos F\u00e3s para as Fanpages e Como se relacionar com f\u00e3s.<\/p>\n<p>Sobre a carga hor\u00e1ria:<br \/>\nO curso possui 5 horas de carga hor\u00e1ria.<\/p>\n","protected":false},"excerpt":{"rendered":"<p>Apresenta As Fanpages, Como criar uma Fanpage, A import\u00e2ncia dos F\u00e3s para as Fanpages e Como se relacionar com f\u00e3s. Sobre a carga hor\u00e1ria: O curso possui 5 horas de carga hor\u00e1ria.<\/p>\n","protected":false},"featured_media":0,"comment_status":"open","ping_status":"closed","template":"","meta":[],"product_brand":[],"product_cat":[235],"product_tag":[],"class_list":{"0":"post-16626","1":"product","2":"type-product","3":"status-publish","5":"product_cat-publicidade-e-marketing","6":"post","8":"first","9":"instock","10":"virtual","11":"sold-individually","12":"product-type-simple"},"_links":{"self":[{"href":"https:\/\/treina.online\/index.php?rest_route=\/wp\/v2\/product\/16626","targetHints":{"allow":["GET"]}}],"collection":[{"href":"https:\/\/treina.online\/index.php?rest_route=\/wp\/v2\/product"}],"about":[{"href":"https:\/\/treina.online\/index.php?rest_route=\/wp\/v2\/types\/product"}],"replies":[{"embeddable":true,"href":"https:\/\/treina.online\/index.php?rest_route=%2Fwp%2Fv2%2Fcomments&post=16626"}],"version-history":[{"count":0,"href":"https:\/\/treina.online\/index.php?rest_route=\/wp\/v2\/product\/16626\/revisions"}],"wp:attachment":[{"href":"https:\/\/treina.online\/index.php?rest_route=%2Fwp%2Fv2%2Fmedia&parent=16626"}],"wp:term":[{"taxonomy":"product_brand","embeddable":true,"href":"https:\/\/treina.online\/index.php?rest_route=%2Fwp%2Fv2%2Fproduct_brand&post=16626"},{"taxonomy":"product_cat","embeddable":true,"href":"https:\/\/treina.online\/index.php?rest_route=%2Fwp%2Fv2%2Fproduct_cat&post=16626"},{"taxonomy":"product_tag","embeddable":true,"href":"https:\/\/treina.online\/index.php?rest_route=%2Fwp%2Fv2%2Fproduct_tag&post=16626"}],"curies":[{"name":"wp","href":"https:\/\/api.w.org\/{rel}","templated":true}]}}