{"id":16624,"date":"2021-01-24T17:58:09","date_gmt":"2021-01-24T19:58:09","guid":{"rendered":"http:\/\/ecursos.treinaonline.com\/produto\/curso-de-como-conseguir-um-emprego\/"},"modified":"2021-01-24T17:58:09","modified_gmt":"2021-01-24T19:58:09","slug":"curso-de-como-conseguir-um-emprego","status":"publish","type":"product","link":"https:\/\/treina.online\/?product=curso-de-como-conseguir-um-emprego","title":{"rendered":"Curso de Como Conseguir um Emprego"},"content":{"rendered":"<p>Explica Emprego e Carreira, Empregabilidade, Os Pilares da Empregabilidade, Sua Imagem, seu Cart\u00e3o de Visitas, Busca por Emprego X Rede Social\t, Networking, A import\u00e2ncia de se ter e elaborar um curr\u00edculo, Seu curr\u00edculo \u00e9 o seu cart\u00e3o de visitas, Adequa\u00e7\u00e3o profissional, Habilidades e compet\u00eancias, Invista em voc\u00ea: tenha uma reserva financeira, Formato Cronol\u00f3gico, Formato Funcional, Misto (cronol\u00f3gico-funcional), Dados pessoais, Objetivo, Qualifica\u00e7\u00f5es, Experi\u00eancia profissional, Forma\u00e7\u00e3o acad\u00eamica, Cursos e idiomas, Cursos e idiomas &#8211; parte 2, Como se apresentar sem experi\u00eancias, Use o seu diferencial, O que mostrar no curr\u00edculo, O que deixar para a hora da entrevista, Dicas inspiradoras, Curr\u00edculo cronol\u00f3gico, Curr\u00edculo funcional, Autopromover-se: n\u00e3o cometa esse erro!, Administre o seu tempo, Pr\u00e9-entrevista, Entrevista, Tipos de Entrevista, Como ter Sucesso na Entrevista de Emprego, Postura Corporal em Entrevista de Emprego, Cuidados ao Apresentar seus Pontos Fracos, Quer mesmo trabalhar l\u00e1? e E quando a resposta for .<\/p>\n<p>Sobre a carga hor\u00e1ria:<br \/>\nO curso possui 80 horas de carga hor\u00e1ria. Por\u00e9m, se for conclu\u00eddo antes de 5 dias, passa a ter 10 horas de carga hor\u00e1ria. Conforme nosso contrato e termos de uso.<\/p>\n","protected":false},"excerpt":{"rendered":"<p>Explica Emprego e Carreira, Empregabilidade, Os Pilares da Empregabilidade, Sua Imagem, seu Cart\u00e3o de Visitas, Busca por Emprego X Rede Social , Networking, A import\u00e2ncia de se ter e elaborar um curr\u00edculo, Seu curr\u00edculo \u00e9 o seu cart\u00e3o de visitas, Adequa\u00e7\u00e3o profissional, Habilidades e compet\u00eancias, Invista em voc\u00ea: tenha uma reserva financeira, Formato Cronol\u00f3gico, Formato Funcional, Misto (cronol\u00f3gico-funcional), Dados pessoais, [&hellip;]<\/p>\n","protected":false},"featured_media":0,"comment_status":"open","ping_status":"closed","template":"","meta":[],"product_brand":[],"product_cat":[236],"product_tag":[],"class_list":{"0":"post-16624","1":"product","2":"type-product","3":"status-publish","5":"product_cat-recursos-humanos","6":"post","8":"first","9":"instock","10":"virtual","11":"sold-individually","12":"product-type-simple"},"_links":{"self":[{"href":"https:\/\/treina.online\/index.php?rest_route=\/wp\/v2\/product\/16624","targetHints":{"allow":["GET"]}}],"collection":[{"href":"https:\/\/treina.online\/index.php?rest_route=\/wp\/v2\/product"}],"about":[{"href":"https:\/\/treina.online\/index.php?rest_route=\/wp\/v2\/types\/product"}],"replies":[{"embeddable":true,"href":"https:\/\/treina.online\/index.php?rest_route=%2Fwp%2Fv2%2Fcomments&post=16624"}],"version-history":[{"count":0,"href":"https:\/\/treina.online\/index.php?rest_route=\/wp\/v2\/product\/16624\/revisions"}],"wp:attachment":[{"href":"https:\/\/treina.online\/index.php?rest_route=%2Fwp%2Fv2%2Fmedia&parent=16624"}],"wp:term":[{"taxonomy":"product_brand","embeddable":true,"href":"https:\/\/treina.online\/index.php?rest_route=%2Fwp%2Fv2%2Fproduct_brand&post=16624"},{"taxonomy":"product_cat","embeddable":true,"href":"https:\/\/treina.online\/index.php?rest_route=%2Fwp%2Fv2%2Fproduct_cat&post=16624"},{"taxonomy":"product_tag","embeddable":true,"href":"https:\/\/treina.online\/index.php?rest_route=%2Fwp%2Fv2%2Fproduct_tag&post=16624"}],"curies":[{"name":"wp","href":"https:\/\/api.w.org\/{rel}","templated":true}]}}