{"id":16610,"date":"2021-01-24T17:57:54","date_gmt":"2021-01-24T19:57:54","guid":{"rendered":"http:\/\/ecursos.treinaonline.com\/produto\/curso-de-comida-para-recem-casados\/"},"modified":"2021-01-24T17:57:54","modified_gmt":"2021-01-24T19:57:54","slug":"curso-de-comida-para-recem-casados","status":"publish","type":"product","link":"https:\/\/treina.online\/?product=curso-de-comida-para-recem-casados","title":{"rendered":"Curso de Comida para Rec\u00e9m-Casados"},"content":{"rendered":"<p>Voc\u00ea aprende a culin\u00e1ria essecncial para rec\u00e9m-casados. Vamos ensinar como fazer p\u00e3o de queijo no liquidificador, p\u00e3o segura marido, strogonoff e lasanha. Voc\u00ea tamb\u00e9m vai aprender como fazer uma sopa cremosa e canja deliciosa, panquecas, omeletes, pudim de leite e um incr\u00edvel brigadeir\u00e3o.<\/p>\n<p>Sobre a carga hor\u00e1ria:<br \/>\nO curso possui 80 horas de carga hor\u00e1ria. Por\u00e9m, se for conclu\u00eddo antes de 5 dias, passa a ter 10 horas de carga hor\u00e1ria. Conforme nosso contrato e termos de uso.<\/p>\n","protected":false},"excerpt":{"rendered":"<p>Voc\u00ea aprende a culin\u00e1ria essecncial para rec\u00e9m-casados. Vamos ensinar como fazer p\u00e3o de queijo no liquidificador, p\u00e3o segura marido, strogonoff e lasanha. Voc\u00ea tamb\u00e9m vai aprender como fazer uma sopa cremosa e canja deliciosa, panquecas, omeletes, pudim de leite e um incr\u00edvel brigadeir\u00e3o. Sobre a carga hor\u00e1ria: O curso possui 80 horas de carga hor\u00e1ria. Por\u00e9m, se for conclu\u00eddo antes [&hellip;]<\/p>\n","protected":false},"featured_media":0,"comment_status":"open","ping_status":"closed","template":"","meta":[],"product_brand":[],"product_cat":[208],"product_tag":[],"class_list":{"0":"post-16610","1":"product","2":"type-product","3":"status-publish","5":"product_cat-culinaria-e-gastronomia","6":"post","8":"first","9":"instock","10":"virtual","11":"sold-individually","12":"product-type-simple"},"_links":{"self":[{"href":"https:\/\/treina.online\/index.php?rest_route=\/wp\/v2\/product\/16610","targetHints":{"allow":["GET"]}}],"collection":[{"href":"https:\/\/treina.online\/index.php?rest_route=\/wp\/v2\/product"}],"about":[{"href":"https:\/\/treina.online\/index.php?rest_route=\/wp\/v2\/types\/product"}],"replies":[{"embeddable":true,"href":"https:\/\/treina.online\/index.php?rest_route=%2Fwp%2Fv2%2Fcomments&post=16610"}],"version-history":[{"count":0,"href":"https:\/\/treina.online\/index.php?rest_route=\/wp\/v2\/product\/16610\/revisions"}],"wp:attachment":[{"href":"https:\/\/treina.online\/index.php?rest_route=%2Fwp%2Fv2%2Fmedia&parent=16610"}],"wp:term":[{"taxonomy":"product_brand","embeddable":true,"href":"https:\/\/treina.online\/index.php?rest_route=%2Fwp%2Fv2%2Fproduct_brand&post=16610"},{"taxonomy":"product_cat","embeddable":true,"href":"https:\/\/treina.online\/index.php?rest_route=%2Fwp%2Fv2%2Fproduct_cat&post=16610"},{"taxonomy":"product_tag","embeddable":true,"href":"https:\/\/treina.online\/index.php?rest_route=%2Fwp%2Fv2%2Fproduct_tag&post=16610"}],"curies":[{"name":"wp","href":"https:\/\/api.w.org\/{rel}","templated":true}]}}