{"id":16599,"date":"2021-01-24T17:57:41","date_gmt":"2021-01-24T19:57:41","guid":{"rendered":"http:\/\/ecursos.treinaonline.com\/produto\/curso-de-coaching-na-pratica\/"},"modified":"2021-01-24T17:57:41","modified_gmt":"2021-01-24T19:57:41","slug":"curso-de-coaching-na-pratica","status":"publish","type":"product","link":"https:\/\/treina.online\/?product=curso-de-coaching-na-pratica","title":{"rendered":"Curso de Coaching na Pr\u00e1tica"},"content":{"rendered":"<p>Ensina sobre o coaching, ajudando a voc\u00ea definir as suas metas, elaborar estrat\u00e9gias e a usar algumas ferramentas como: modelo G.R.O.W, matriz de gest\u00e3o da mudan\u00e7a, planejamento estrat\u00e9gico semanal, valores, perguntas poderosas, meta S.M.A.R.T e muitas outras.<\/p>\n<p>Sobre a carga hor\u00e1ria:<br \/>\nO curso possui 80 horas de carga hor\u00e1ria. Por\u00e9m, se for conclu\u00eddo antes de 5 dias, passa a ter 10 horas de carga hor\u00e1ria. Conforme nosso contrato e termos de uso.<\/p>\n","protected":false},"excerpt":{"rendered":"<p>Ensina sobre o coaching, ajudando a voc\u00ea definir as suas metas, elaborar estrat\u00e9gias e a usar algumas ferramentas como: modelo G.R.O.W, matriz de gest\u00e3o da mudan\u00e7a, planejamento estrat\u00e9gico semanal, valores, perguntas poderosas, meta S.M.A.R.T e muitas outras. Sobre a carga hor\u00e1ria: O curso possui 80 horas de carga hor\u00e1ria. Por\u00e9m, se for conclu\u00eddo antes de 5 dias, passa a ter [&hellip;]<\/p>\n","protected":false},"featured_media":0,"comment_status":"open","ping_status":"closed","template":"","meta":[],"product_brand":[],"product_cat":[236],"product_tag":[],"class_list":{"0":"post-16599","1":"product","2":"type-product","3":"status-publish","5":"product_cat-recursos-humanos","6":"post","8":"first","9":"instock","10":"virtual","11":"sold-individually","12":"product-type-simple"},"_links":{"self":[{"href":"https:\/\/treina.online\/index.php?rest_route=\/wp\/v2\/product\/16599","targetHints":{"allow":["GET"]}}],"collection":[{"href":"https:\/\/treina.online\/index.php?rest_route=\/wp\/v2\/product"}],"about":[{"href":"https:\/\/treina.online\/index.php?rest_route=\/wp\/v2\/types\/product"}],"replies":[{"embeddable":true,"href":"https:\/\/treina.online\/index.php?rest_route=%2Fwp%2Fv2%2Fcomments&post=16599"}],"version-history":[{"count":0,"href":"https:\/\/treina.online\/index.php?rest_route=\/wp\/v2\/product\/16599\/revisions"}],"wp:attachment":[{"href":"https:\/\/treina.online\/index.php?rest_route=%2Fwp%2Fv2%2Fmedia&parent=16599"}],"wp:term":[{"taxonomy":"product_brand","embeddable":true,"href":"https:\/\/treina.online\/index.php?rest_route=%2Fwp%2Fv2%2Fproduct_brand&post=16599"},{"taxonomy":"product_cat","embeddable":true,"href":"https:\/\/treina.online\/index.php?rest_route=%2Fwp%2Fv2%2Fproduct_cat&post=16599"},{"taxonomy":"product_tag","embeddable":true,"href":"https:\/\/treina.online\/index.php?rest_route=%2Fwp%2Fv2%2Fproduct_tag&post=16599"}],"curies":[{"name":"wp","href":"https:\/\/api.w.org\/{rel}","templated":true}]}}