{"id":16597,"date":"2021-01-24T17:57:39","date_gmt":"2021-01-24T19:57:39","guid":{"rendered":"http:\/\/ecursos.treinaonline.com\/produto\/curso-de-cinema-4d\/"},"modified":"2021-01-24T17:57:39","modified_gmt":"2021-01-24T19:57:39","slug":"curso-de-cinema-4d","status":"publish","type":"product","link":"https:\/\/treina.online\/?product=curso-de-cinema-4d","title":{"rendered":"Curso de Cinema 4D"},"content":{"rendered":"<p>Ensina as principais ferramentas e fun\u00e7\u00f5es do Cinema 4D. sobre as principais ferramentas e fun\u00e7\u00f5es desse software tanto na cria\u00e7\u00e3o de imagens quanto em anima\u00e7\u00f5es, desde a vis\u00e3o geral do programa como sua interface e suas fun\u00e7\u00f5es principais, at\u00e9 a cria\u00e7\u00e3o geral dos objetos como, o trabalho com a luz, a aplica\u00e7\u00e3o de texturas e as diferen\u00e7as nos tipos de c\u00e2meras.<\/p>\n<p>Sobre a carga hor\u00e1ria:<br \/>\nO curso possui 80 horas de carga hor\u00e1ria. Por\u00e9m, se for conclu\u00eddo antes de 5 dias, passa a ter 10 horas de carga hor\u00e1ria. Conforme nosso contrato e termos de uso.<\/p>\n","protected":false},"excerpt":{"rendered":"<p>Ensina as principais ferramentas e fun\u00e7\u00f5es do Cinema 4D. sobre as principais ferramentas e fun\u00e7\u00f5es desse software tanto na cria\u00e7\u00e3o de imagens quanto em anima\u00e7\u00f5es, desde a vis\u00e3o geral do programa como sua interface e suas fun\u00e7\u00f5es principais, at\u00e9 a cria\u00e7\u00e3o geral dos objetos como, o trabalho com a luz, a aplica\u00e7\u00e3o de texturas e as diferen\u00e7as nos tipos de [&hellip;]<\/p>\n","protected":false},"featured_media":0,"comment_status":"open","ping_status":"closed","template":"","meta":[],"product_brand":[],"product_cat":[222],"product_tag":[],"class_list":{"0":"post-16597","1":"product","2":"type-product","3":"status-publish","5":"product_cat-fotografia-e-video","6":"post","8":"first","9":"instock","10":"virtual","11":"sold-individually","12":"product-type-simple"},"_links":{"self":[{"href":"https:\/\/treina.online\/index.php?rest_route=\/wp\/v2\/product\/16597","targetHints":{"allow":["GET"]}}],"collection":[{"href":"https:\/\/treina.online\/index.php?rest_route=\/wp\/v2\/product"}],"about":[{"href":"https:\/\/treina.online\/index.php?rest_route=\/wp\/v2\/types\/product"}],"replies":[{"embeddable":true,"href":"https:\/\/treina.online\/index.php?rest_route=%2Fwp%2Fv2%2Fcomments&post=16597"}],"version-history":[{"count":0,"href":"https:\/\/treina.online\/index.php?rest_route=\/wp\/v2\/product\/16597\/revisions"}],"wp:attachment":[{"href":"https:\/\/treina.online\/index.php?rest_route=%2Fwp%2Fv2%2Fmedia&parent=16597"}],"wp:term":[{"taxonomy":"product_brand","embeddable":true,"href":"https:\/\/treina.online\/index.php?rest_route=%2Fwp%2Fv2%2Fproduct_brand&post=16597"},{"taxonomy":"product_cat","embeddable":true,"href":"https:\/\/treina.online\/index.php?rest_route=%2Fwp%2Fv2%2Fproduct_cat&post=16597"},{"taxonomy":"product_tag","embeddable":true,"href":"https:\/\/treina.online\/index.php?rest_route=%2Fwp%2Fv2%2Fproduct_tag&post=16597"}],"curies":[{"name":"wp","href":"https:\/\/api.w.org\/{rel}","templated":true}]}}