{"id":16594,"date":"2021-01-24T17:57:37","date_gmt":"2021-01-24T19:57:37","guid":{"rendered":"http:\/\/ecursos.treinaonline.com\/produto\/curso-de-chocolatier\/"},"modified":"2021-01-24T17:57:37","modified_gmt":"2021-01-24T19:57:37","slug":"curso-de-chocolatier","status":"publish","type":"product","link":"https:\/\/treina.online\/?product=curso-de-chocolatier","title":{"rendered":"Curso de Chocolatier"},"content":{"rendered":"<p>Voc\u00ea vai aprender o passo a passo de receitas com chocolate, ideais para comercializa\u00e7\u00e3o, como: barrinhas, pirulitos, trufas, bombons maci\u00e7os, recheados, crocantes e muito mais! Todos os detalhes e t\u00e9cnicas para trabalhar e criar, os diversos tipos de chocolates.<\/p>\n<p>Sobre a carga hor\u00e1ria:<br \/>\nO curso possui 80 horas de carga hor\u00e1ria. Por\u00e9m, se for conclu\u00eddo antes de 5 dias, passa a ter 10 horas de carga hor\u00e1ria. Conforme nosso contrato e termos de uso.<\/p>\n","protected":false},"excerpt":{"rendered":"<p>Voc\u00ea vai aprender o passo a passo de receitas com chocolate, ideais para comercializa\u00e7\u00e3o, como: barrinhas, pirulitos, trufas, bombons maci\u00e7os, recheados, crocantes e muito mais! Todos os detalhes e t\u00e9cnicas para trabalhar e criar, os diversos tipos de chocolates. Sobre a carga hor\u00e1ria: O curso possui 80 horas de carga hor\u00e1ria. Por\u00e9m, se for conclu\u00eddo antes de 5 dias, passa [&hellip;]<\/p>\n","protected":false},"featured_media":0,"comment_status":"open","ping_status":"closed","template":"","meta":[],"product_brand":[],"product_cat":[212],"product_tag":[],"class_list":{"0":"post-16594","1":"product","2":"type-product","3":"status-publish","5":"product_cat-doces-e-confeitaria","6":"post","8":"first","9":"instock","10":"virtual","11":"sold-individually","12":"product-type-simple"},"_links":{"self":[{"href":"https:\/\/treina.online\/index.php?rest_route=\/wp\/v2\/product\/16594","targetHints":{"allow":["GET"]}}],"collection":[{"href":"https:\/\/treina.online\/index.php?rest_route=\/wp\/v2\/product"}],"about":[{"href":"https:\/\/treina.online\/index.php?rest_route=\/wp\/v2\/types\/product"}],"replies":[{"embeddable":true,"href":"https:\/\/treina.online\/index.php?rest_route=%2Fwp%2Fv2%2Fcomments&post=16594"}],"version-history":[{"count":0,"href":"https:\/\/treina.online\/index.php?rest_route=\/wp\/v2\/product\/16594\/revisions"}],"wp:attachment":[{"href":"https:\/\/treina.online\/index.php?rest_route=%2Fwp%2Fv2%2Fmedia&parent=16594"}],"wp:term":[{"taxonomy":"product_brand","embeddable":true,"href":"https:\/\/treina.online\/index.php?rest_route=%2Fwp%2Fv2%2Fproduct_brand&post=16594"},{"taxonomy":"product_cat","embeddable":true,"href":"https:\/\/treina.online\/index.php?rest_route=%2Fwp%2Fv2%2Fproduct_cat&post=16594"},{"taxonomy":"product_tag","embeddable":true,"href":"https:\/\/treina.online\/index.php?rest_route=%2Fwp%2Fv2%2Fproduct_tag&post=16594"}],"curies":[{"name":"wp","href":"https:\/\/api.w.org\/{rel}","templated":true}]}}