{"id":16588,"date":"2021-01-24T17:57:28","date_gmt":"2021-01-24T19:57:28","guid":{"rendered":"http:\/\/ecursos.treinaonline.com\/produto\/curso-de-cerimonial-de-eventos-sociais-e-corporativos\/"},"modified":"2021-01-24T17:57:28","modified_gmt":"2021-01-24T19:57:28","slug":"curso-de-cerimonial-de-eventos-sociais-e-corporativos","status":"publish","type":"product","link":"https:\/\/treina.online\/?product=curso-de-cerimonial-de-eventos-sociais-e-corporativos","title":{"rendered":"Curso de Cerimonial de Eventos Sociais e Corporativos"},"content":{"rendered":"<p>Explica te ensinar a organizar casamentos, 15 anos. Al\u00e9m disso, voc\u00ea vai ter dicas de como estruturar o teu neg\u00f3cio, como coordenar equipes, escolher os melhores fornecedores, montagem e desmontagem dos eventos, como trabalhar em feiras de neg\u00f3cio, palestras e muito mais!!.<\/p>\n<p>Sobre a carga hor\u00e1ria:<br \/>\nO curso possui 80 horas de carga hor\u00e1ria. Por\u00e9m, se for conclu\u00eddo antes de 5 dias, passa a ter 10 horas de carga hor\u00e1ria. Conforme nosso contrato e termos de uso.<\/p>\n","protected":false},"excerpt":{"rendered":"<p>Explica te ensinar a organizar casamentos, 15 anos. Al\u00e9m disso, voc\u00ea vai ter dicas de como estruturar o teu neg\u00f3cio, como coordenar equipes, escolher os melhores fornecedores, montagem e desmontagem dos eventos, como trabalhar em feiras de neg\u00f3cio, palestras e muito mais!!. Sobre a carga hor\u00e1ria: O curso possui 80 horas de carga hor\u00e1ria. Por\u00e9m, se for conclu\u00eddo antes de [&hellip;]<\/p>\n","protected":false},"featured_media":0,"comment_status":"open","ping_status":"closed","template":"","meta":[],"product_brand":[],"product_cat":[218],"product_tag":[],"class_list":{"0":"post-16588","1":"product","2":"type-product","3":"status-publish","5":"product_cat-evento-turismo-e-hotelaria","6":"post","8":"first","9":"instock","10":"virtual","11":"sold-individually","12":"product-type-simple"},"_links":{"self":[{"href":"https:\/\/treina.online\/index.php?rest_route=\/wp\/v2\/product\/16588","targetHints":{"allow":["GET"]}}],"collection":[{"href":"https:\/\/treina.online\/index.php?rest_route=\/wp\/v2\/product"}],"about":[{"href":"https:\/\/treina.online\/index.php?rest_route=\/wp\/v2\/types\/product"}],"replies":[{"embeddable":true,"href":"https:\/\/treina.online\/index.php?rest_route=%2Fwp%2Fv2%2Fcomments&post=16588"}],"version-history":[{"count":0,"href":"https:\/\/treina.online\/index.php?rest_route=\/wp\/v2\/product\/16588\/revisions"}],"wp:attachment":[{"href":"https:\/\/treina.online\/index.php?rest_route=%2Fwp%2Fv2%2Fmedia&parent=16588"}],"wp:term":[{"taxonomy":"product_brand","embeddable":true,"href":"https:\/\/treina.online\/index.php?rest_route=%2Fwp%2Fv2%2Fproduct_brand&post=16588"},{"taxonomy":"product_cat","embeddable":true,"href":"https:\/\/treina.online\/index.php?rest_route=%2Fwp%2Fv2%2Fproduct_cat&post=16588"},{"taxonomy":"product_tag","embeddable":true,"href":"https:\/\/treina.online\/index.php?rest_route=%2Fwp%2Fv2%2Fproduct_tag&post=16588"}],"curies":[{"name":"wp","href":"https:\/\/api.w.org\/{rel}","templated":true}]}}