{"id":16582,"date":"2021-01-24T17:57:23","date_gmt":"2021-01-24T19:57:23","guid":{"rendered":"http:\/\/ecursos.treinaonline.com\/produto\/curso-de-brownie-fudge-e-petit-gateau\/"},"modified":"2021-01-24T17:57:23","modified_gmt":"2021-01-24T19:57:23","slug":"curso-de-brownie-fudge-e-petit-gateau","status":"publish","type":"product","link":"https:\/\/treina.online\/?product=curso-de-brownie-fudge-e-petit-gateau","title":{"rendered":"Curso de Brownie, Fudge e Petit Gateau"},"content":{"rendered":"<p>Apresenta diversas receitas de sobremesas como: brownie, fudge e petit gateau tanto para surpreender amigos e familiares como para vender e at\u00e9 trabalhar em restaurantes, lanchonetes e cafeterias.<\/p>\n<p>Sobre a carga hor\u00e1ria:<br \/>\nO curso possui 80 horas de carga hor\u00e1ria. Por\u00e9m, se for conclu\u00eddo antes de 5 dias, passa a ter 10 horas de carga hor\u00e1ria. Conforme nosso contrato e termos de uso.<\/p>\n","protected":false},"excerpt":{"rendered":"<p>Apresenta diversas receitas de sobremesas como: brownie, fudge e petit gateau tanto para surpreender amigos e familiares como para vender e at\u00e9 trabalhar em restaurantes, lanchonetes e cafeterias. Sobre a carga hor\u00e1ria: O curso possui 80 horas de carga hor\u00e1ria. Por\u00e9m, se for conclu\u00eddo antes de 5 dias, passa a ter 10 horas de carga hor\u00e1ria. Conforme nosso contrato e [&hellip;]<\/p>\n","protected":false},"featured_media":0,"comment_status":"open","ping_status":"closed","template":"","meta":[],"product_brand":[],"product_cat":[212],"product_tag":[],"class_list":{"0":"post-16582","1":"product","2":"type-product","3":"status-publish","5":"product_cat-doces-e-confeitaria","6":"post","8":"first","9":"instock","10":"virtual","11":"sold-individually","12":"product-type-simple"},"_links":{"self":[{"href":"https:\/\/treina.online\/index.php?rest_route=\/wp\/v2\/product\/16582","targetHints":{"allow":["GET"]}}],"collection":[{"href":"https:\/\/treina.online\/index.php?rest_route=\/wp\/v2\/product"}],"about":[{"href":"https:\/\/treina.online\/index.php?rest_route=\/wp\/v2\/types\/product"}],"replies":[{"embeddable":true,"href":"https:\/\/treina.online\/index.php?rest_route=%2Fwp%2Fv2%2Fcomments&post=16582"}],"version-history":[{"count":0,"href":"https:\/\/treina.online\/index.php?rest_route=\/wp\/v2\/product\/16582\/revisions"}],"wp:attachment":[{"href":"https:\/\/treina.online\/index.php?rest_route=%2Fwp%2Fv2%2Fmedia&parent=16582"}],"wp:term":[{"taxonomy":"product_brand","embeddable":true,"href":"https:\/\/treina.online\/index.php?rest_route=%2Fwp%2Fv2%2Fproduct_brand&post=16582"},{"taxonomy":"product_cat","embeddable":true,"href":"https:\/\/treina.online\/index.php?rest_route=%2Fwp%2Fv2%2Fproduct_cat&post=16582"},{"taxonomy":"product_tag","embeddable":true,"href":"https:\/\/treina.online\/index.php?rest_route=%2Fwp%2Fv2%2Fproduct_tag&post=16582"}],"curies":[{"name":"wp","href":"https:\/\/api.w.org\/{rel}","templated":true}]}}