{"id":16576,"date":"2021-01-24T17:57:08","date_gmt":"2021-01-24T19:57:08","guid":{"rendered":"http:\/\/ecursos.treinaonline.com\/produto\/curso-de-bolos-decorados-com-pasta-americana\/"},"modified":"2021-01-24T17:57:08","modified_gmt":"2021-01-24T19:57:08","slug":"curso-de-bolos-decorados-com-pasta-americana","status":"publish","type":"product","link":"https:\/\/treina.online\/?product=curso-de-bolos-decorados-com-pasta-americana","title":{"rendered":"Curso de Bolos Decorados com Pasta Americana"},"content":{"rendered":"<p>Voc\u00ea aprende como fazer bolos decorados. sobre os instrumentos para se trabalhar com pasta americana e higieniza\u00e7\u00e3o das m\u00e3os. Tamb\u00e9m aprender\u00e1 desde o modo de preparo do bolo, como rechear, montar e prens\u00e1-lo. Al\u00e9m disso, ir\u00e1 conferir como utilizar instrumentos para decora\u00e7\u00e3o, cobrir o bolo com a pasta americana e como aplicar a decora\u00e7\u00e3o.<\/p>\n<p>Sobre a carga hor\u00e1ria:<br \/>\nO curso possui 80 horas de carga hor\u00e1ria. Por\u00e9m, se for conclu\u00eddo antes de 5 dias, passa a ter 10 horas de carga hor\u00e1ria. Conforme nosso contrato e termos de uso.<\/p>\n","protected":false},"excerpt":{"rendered":"<p>Voc\u00ea aprende como fazer bolos decorados. sobre os instrumentos para se trabalhar com pasta americana e higieniza\u00e7\u00e3o das m\u00e3os. Tamb\u00e9m aprender\u00e1 desde o modo de preparo do bolo, como rechear, montar e prens\u00e1-lo. Al\u00e9m disso, ir\u00e1 conferir como utilizar instrumentos para decora\u00e7\u00e3o, cobrir o bolo com a pasta americana e como aplicar a decora\u00e7\u00e3o. Sobre a carga hor\u00e1ria: O curso [&hellip;]<\/p>\n","protected":false},"featured_media":0,"comment_status":"open","ping_status":"closed","template":"","meta":[],"product_brand":[],"product_cat":[212],"product_tag":[],"class_list":{"0":"post-16576","1":"product","2":"type-product","3":"status-publish","5":"product_cat-doces-e-confeitaria","6":"post","8":"first","9":"instock","10":"virtual","11":"sold-individually","12":"product-type-simple"},"_links":{"self":[{"href":"https:\/\/treina.online\/index.php?rest_route=\/wp\/v2\/product\/16576","targetHints":{"allow":["GET"]}}],"collection":[{"href":"https:\/\/treina.online\/index.php?rest_route=\/wp\/v2\/product"}],"about":[{"href":"https:\/\/treina.online\/index.php?rest_route=\/wp\/v2\/types\/product"}],"replies":[{"embeddable":true,"href":"https:\/\/treina.online\/index.php?rest_route=%2Fwp%2Fv2%2Fcomments&post=16576"}],"version-history":[{"count":0,"href":"https:\/\/treina.online\/index.php?rest_route=\/wp\/v2\/product\/16576\/revisions"}],"wp:attachment":[{"href":"https:\/\/treina.online\/index.php?rest_route=%2Fwp%2Fv2%2Fmedia&parent=16576"}],"wp:term":[{"taxonomy":"product_brand","embeddable":true,"href":"https:\/\/treina.online\/index.php?rest_route=%2Fwp%2Fv2%2Fproduct_brand&post=16576"},{"taxonomy":"product_cat","embeddable":true,"href":"https:\/\/treina.online\/index.php?rest_route=%2Fwp%2Fv2%2Fproduct_cat&post=16576"},{"taxonomy":"product_tag","embeddable":true,"href":"https:\/\/treina.online\/index.php?rest_route=%2Fwp%2Fv2%2Fproduct_tag&post=16576"}],"curies":[{"name":"wp","href":"https:\/\/api.w.org\/{rel}","templated":true}]}}