{"id":16574,"date":"2021-01-24T17:57:07","date_gmt":"2021-01-24T19:57:07","guid":{"rendered":"http:\/\/ecursos.treinaonline.com\/produto\/curso-de-bolos-da-vovo-laranja-e-maca-com-nozes\/"},"modified":"2021-01-24T17:57:07","modified_gmt":"2021-01-24T19:57:07","slug":"curso-de-bolos-da-vovo-laranja-e-maca-com-nozes","status":"publish","type":"product","link":"https:\/\/treina.online\/?product=curso-de-bolos-da-vovo-laranja-e-maca-com-nozes","title":{"rendered":"Curso de Bolos da Vov\u00f3: Laranja e Ma\u00e7a com Nozes"},"content":{"rendered":"<p>Explica Bolo de laranja e Bolo de ma\u00e7\u00e3 com nozes.<\/p>\n<p>Sobre a carga hor\u00e1ria:<br \/>\nO curso possui 2 horas de carga hor\u00e1ria.<\/p>\n","protected":false},"excerpt":{"rendered":"<p>Explica Bolo de laranja e Bolo de ma\u00e7\u00e3 com nozes. Sobre a carga hor\u00e1ria: O curso possui 2 horas de carga hor\u00e1ria.<\/p>\n","protected":false},"featured_media":0,"comment_status":"open","ping_status":"closed","template":"","meta":[],"product_brand":[],"product_cat":[212],"product_tag":[],"class_list":{"0":"post-16574","1":"product","2":"type-product","3":"status-publish","5":"product_cat-doces-e-confeitaria","6":"post","8":"first","9":"instock","10":"virtual","11":"sold-individually","12":"product-type-simple"},"_links":{"self":[{"href":"https:\/\/treina.online\/index.php?rest_route=\/wp\/v2\/product\/16574","targetHints":{"allow":["GET"]}}],"collection":[{"href":"https:\/\/treina.online\/index.php?rest_route=\/wp\/v2\/product"}],"about":[{"href":"https:\/\/treina.online\/index.php?rest_route=\/wp\/v2\/types\/product"}],"replies":[{"embeddable":true,"href":"https:\/\/treina.online\/index.php?rest_route=%2Fwp%2Fv2%2Fcomments&post=16574"}],"version-history":[{"count":0,"href":"https:\/\/treina.online\/index.php?rest_route=\/wp\/v2\/product\/16574\/revisions"}],"wp:attachment":[{"href":"https:\/\/treina.online\/index.php?rest_route=%2Fwp%2Fv2%2Fmedia&parent=16574"}],"wp:term":[{"taxonomy":"product_brand","embeddable":true,"href":"https:\/\/treina.online\/index.php?rest_route=%2Fwp%2Fv2%2Fproduct_brand&post=16574"},{"taxonomy":"product_cat","embeddable":true,"href":"https:\/\/treina.online\/index.php?rest_route=%2Fwp%2Fv2%2Fproduct_cat&post=16574"},{"taxonomy":"product_tag","embeddable":true,"href":"https:\/\/treina.online\/index.php?rest_route=%2Fwp%2Fv2%2Fproduct_tag&post=16574"}],"curies":[{"name":"wp","href":"https:\/\/api.w.org\/{rel}","templated":true}]}}