{"id":16569,"date":"2021-01-24T17:57:01","date_gmt":"2021-01-24T19:57:01","guid":{"rendered":"http:\/\/ecursos.treinaonline.com\/produto\/curso-de-bolo-ingles-e-suas-variacoes-saudaveis\/"},"modified":"2021-01-24T17:57:01","modified_gmt":"2021-01-24T19:57:01","slug":"curso-de-bolo-ingles-e-suas-variacoes-saudaveis","status":"publish","type":"product","link":"https:\/\/treina.online\/?product=curso-de-bolo-ingles-e-suas-variacoes-saudaveis","title":{"rendered":"Curso de Bolo Ingl\u00eas e suas Varia\u00e7\u00f5es Saud\u00e1veis"},"content":{"rendered":"<p>Aborda a fazer o bolo ingl\u00eas tradicional, a massa base e suas varia\u00e7\u00f5es saud\u00e1veis como: bolo de banana com castanha de caju sem gl\u00faten, bolo de laranja com am\u00eandoas sem lactose e sem gl\u00faten, bolo de fub\u00e1 sem ovo e muito mais.<\/p>\n<p>Sobre a carga hor\u00e1ria:<br \/>\nO curso possui 80 horas de carga hor\u00e1ria. Por\u00e9m, se for conclu\u00eddo antes de 5 dias, passa a ter 10 horas de carga hor\u00e1ria. Conforme nosso contrato e termos de uso.<\/p>\n","protected":false},"excerpt":{"rendered":"<p>Aborda a fazer o bolo ingl\u00eas tradicional, a massa base e suas varia\u00e7\u00f5es saud\u00e1veis como: bolo de banana com castanha de caju sem gl\u00faten, bolo de laranja com am\u00eandoas sem lactose e sem gl\u00faten, bolo de fub\u00e1 sem ovo e muito mais. Sobre a carga hor\u00e1ria: O curso possui 80 horas de carga hor\u00e1ria. Por\u00e9m, se for conclu\u00eddo antes de [&hellip;]<\/p>\n","protected":false},"featured_media":0,"comment_status":"open","ping_status":"closed","template":"","meta":[],"product_brand":[],"product_cat":[208],"product_tag":[],"class_list":{"0":"post-16569","1":"product","2":"type-product","3":"status-publish","5":"product_cat-culinaria-e-gastronomia","6":"post","8":"first","9":"instock","10":"virtual","11":"sold-individually","12":"product-type-simple"},"_links":{"self":[{"href":"https:\/\/treina.online\/index.php?rest_route=\/wp\/v2\/product\/16569","targetHints":{"allow":["GET"]}}],"collection":[{"href":"https:\/\/treina.online\/index.php?rest_route=\/wp\/v2\/product"}],"about":[{"href":"https:\/\/treina.online\/index.php?rest_route=\/wp\/v2\/types\/product"}],"replies":[{"embeddable":true,"href":"https:\/\/treina.online\/index.php?rest_route=%2Fwp%2Fv2%2Fcomments&post=16569"}],"version-history":[{"count":0,"href":"https:\/\/treina.online\/index.php?rest_route=\/wp\/v2\/product\/16569\/revisions"}],"wp:attachment":[{"href":"https:\/\/treina.online\/index.php?rest_route=%2Fwp%2Fv2%2Fmedia&parent=16569"}],"wp:term":[{"taxonomy":"product_brand","embeddable":true,"href":"https:\/\/treina.online\/index.php?rest_route=%2Fwp%2Fv2%2Fproduct_brand&post=16569"},{"taxonomy":"product_cat","embeddable":true,"href":"https:\/\/treina.online\/index.php?rest_route=%2Fwp%2Fv2%2Fproduct_cat&post=16569"},{"taxonomy":"product_tag","embeddable":true,"href":"https:\/\/treina.online\/index.php?rest_route=%2Fwp%2Fv2%2Fproduct_tag&post=16569"}],"curies":[{"name":"wp","href":"https:\/\/api.w.org\/{rel}","templated":true}]}}