{"id":16566,"date":"2021-01-24T17:56:57","date_gmt":"2021-01-24T19:56:57","guid":{"rendered":"http:\/\/ecursos.treinaonline.com\/produto\/curso-de-bolo-3d\/"},"modified":"2021-01-24T17:56:57","modified_gmt":"2021-01-24T19:56:57","slug":"curso-de-bolo-3d","status":"publish","type":"product","link":"https:\/\/treina.online\/?product=curso-de-bolo-3d","title":{"rendered":"Curso de Bolo 3D"},"content":{"rendered":"<p>Voc\u00ea aprende a fazer t\u00e9cnicas de corte, montagem e decora\u00e7\u00e3o de bolos 3D. Al\u00e9m disso, voc\u00ea vai aprender como fazer cinco tipos de bolos 3D: O bolo joaninha, bolo biq\u00edni, bolo barriga de gr\u00e1vida e o bolo fusca. E, veremos ainda, dicas de como conservar e transportar o bolo para seu cliente.<\/p>\n<p>Sobre a carga hor\u00e1ria:<br \/>\nO curso possui 80 horas de carga hor\u00e1ria. Por\u00e9m, se for conclu\u00eddo antes de 5 dias, passa a ter 10 horas de carga hor\u00e1ria. Conforme nosso contrato e termos de uso.<\/p>\n","protected":false},"excerpt":{"rendered":"<p>Voc\u00ea aprende a fazer t\u00e9cnicas de corte, montagem e decora\u00e7\u00e3o de bolos 3D. Al\u00e9m disso, voc\u00ea vai aprender como fazer cinco tipos de bolos 3D: O bolo joaninha, bolo biq\u00edni, bolo barriga de gr\u00e1vida e o bolo fusca. E, veremos ainda, dicas de como conservar e transportar o bolo para seu cliente. Sobre a carga hor\u00e1ria: O curso possui 80 [&hellip;]<\/p>\n","protected":false},"featured_media":0,"comment_status":"open","ping_status":"closed","template":"","meta":[],"product_brand":[],"product_cat":[212],"product_tag":[],"class_list":{"0":"post-16566","1":"product","2":"type-product","3":"status-publish","5":"product_cat-doces-e-confeitaria","6":"post","8":"first","9":"instock","10":"virtual","11":"sold-individually","12":"product-type-simple"},"_links":{"self":[{"href":"https:\/\/treina.online\/index.php?rest_route=\/wp\/v2\/product\/16566","targetHints":{"allow":["GET"]}}],"collection":[{"href":"https:\/\/treina.online\/index.php?rest_route=\/wp\/v2\/product"}],"about":[{"href":"https:\/\/treina.online\/index.php?rest_route=\/wp\/v2\/types\/product"}],"replies":[{"embeddable":true,"href":"https:\/\/treina.online\/index.php?rest_route=%2Fwp%2Fv2%2Fcomments&post=16566"}],"version-history":[{"count":0,"href":"https:\/\/treina.online\/index.php?rest_route=\/wp\/v2\/product\/16566\/revisions"}],"wp:attachment":[{"href":"https:\/\/treina.online\/index.php?rest_route=%2Fwp%2Fv2%2Fmedia&parent=16566"}],"wp:term":[{"taxonomy":"product_brand","embeddable":true,"href":"https:\/\/treina.online\/index.php?rest_route=%2Fwp%2Fv2%2Fproduct_brand&post=16566"},{"taxonomy":"product_cat","embeddable":true,"href":"https:\/\/treina.online\/index.php?rest_route=%2Fwp%2Fv2%2Fproduct_cat&post=16566"},{"taxonomy":"product_tag","embeddable":true,"href":"https:\/\/treina.online\/index.php?rest_route=%2Fwp%2Fv2%2Fproduct_tag&post=16566"}],"curies":[{"name":"wp","href":"https:\/\/api.w.org\/{rel}","templated":true}]}}