{"id":16552,"date":"2021-01-24T17:56:37","date_gmt":"2021-01-24T19:56:37","guid":{"rendered":"http:\/\/ecursos.treinaonline.com\/produto\/curso-de-bateria-para-samba\/"},"modified":"2021-01-24T17:56:37","modified_gmt":"2021-01-24T19:56:37","slug":"curso-de-bateria-para-samba","status":"publish","type":"product","link":"https:\/\/treina.online\/?product=curso-de-bateria-para-samba","title":{"rendered":"Curso de Bateria para Samba"},"content":{"rendered":"<p>Aborda exerc\u00edcios essenciais para se tocar samba na bateria, desde a constru\u00e7\u00e3o dos p\u00e9s, abertura de chimbal com o p\u00e9, divis\u00e3o em semi-colcheias, bossa nova, samba batucada, samba partido alto, samba em paradiddles, samba cruzado, samba enredo, tudo isso em v\u00e1rias f\u00f3rmulas de compasso.<\/p>\n<p>Sobre a carga hor\u00e1ria:<br \/>\nO curso possui 80 horas de carga hor\u00e1ria. Por\u00e9m, se for conclu\u00eddo antes de 5 dias, passa a ter 10 horas de carga hor\u00e1ria. Conforme nosso contrato e termos de uso.<\/p>\n","protected":false},"excerpt":{"rendered":"<p>Aborda exerc\u00edcios essenciais para se tocar samba na bateria, desde a constru\u00e7\u00e3o dos p\u00e9s, abertura de chimbal com o p\u00e9, divis\u00e3o em semi-colcheias, bossa nova, samba batucada, samba partido alto, samba em paradiddles, samba cruzado, samba enredo, tudo isso em v\u00e1rias f\u00f3rmulas de compasso. Sobre a carga hor\u00e1ria: O curso possui 80 horas de carga hor\u00e1ria. Por\u00e9m, se for conclu\u00eddo [&hellip;]<\/p>\n","protected":false},"featured_media":0,"comment_status":"open","ping_status":"closed","template":"","meta":[],"product_brand":[],"product_cat":[230],"product_tag":[],"class_list":{"0":"post-16552","1":"product","2":"type-product","3":"status-publish","5":"product_cat-musica-e-instrumentos","6":"post","8":"first","9":"instock","10":"virtual","11":"sold-individually","12":"product-type-simple"},"_links":{"self":[{"href":"https:\/\/treina.online\/index.php?rest_route=\/wp\/v2\/product\/16552","targetHints":{"allow":["GET"]}}],"collection":[{"href":"https:\/\/treina.online\/index.php?rest_route=\/wp\/v2\/product"}],"about":[{"href":"https:\/\/treina.online\/index.php?rest_route=\/wp\/v2\/types\/product"}],"replies":[{"embeddable":true,"href":"https:\/\/treina.online\/index.php?rest_route=%2Fwp%2Fv2%2Fcomments&post=16552"}],"version-history":[{"count":0,"href":"https:\/\/treina.online\/index.php?rest_route=\/wp\/v2\/product\/16552\/revisions"}],"wp:attachment":[{"href":"https:\/\/treina.online\/index.php?rest_route=%2Fwp%2Fv2%2Fmedia&parent=16552"}],"wp:term":[{"taxonomy":"product_brand","embeddable":true,"href":"https:\/\/treina.online\/index.php?rest_route=%2Fwp%2Fv2%2Fproduct_brand&post=16552"},{"taxonomy":"product_cat","embeddable":true,"href":"https:\/\/treina.online\/index.php?rest_route=%2Fwp%2Fv2%2Fproduct_cat&post=16552"},{"taxonomy":"product_tag","embeddable":true,"href":"https:\/\/treina.online\/index.php?rest_route=%2Fwp%2Fv2%2Fproduct_tag&post=16552"}],"curies":[{"name":"wp","href":"https:\/\/api.w.org\/{rel}","templated":true}]}}