{"id":16551,"date":"2021-01-24T17:56:36","date_gmt":"2021-01-24T19:56:36","guid":{"rendered":"http:\/\/ecursos.treinaonline.com\/produto\/curso-de-bateria-para-iniciantes-iniciacao-ritmica\/"},"modified":"2021-01-24T17:56:36","modified_gmt":"2021-01-24T19:56:36","slug":"curso-de-bateria-para-iniciantes-iniciacao-ritmica","status":"publish","type":"product","link":"https:\/\/treina.online\/?product=curso-de-bateria-para-iniciantes-iniciacao-ritmica","title":{"rendered":"Curso de Bateria para Iniciantes: Inicia\u00e7\u00e3o R\u00edtmica"},"content":{"rendered":"<p>Voc\u00ea aprende Introdu\u00e7\u00e3o ao Curso de Bateria, P\u00e9s\/Independ\u00eancia e Inicia\u00e7\u00e3o r\u00edtmica &#8211; Grooves A e A\/B.<\/p>\n<p>Sobre a carga hor\u00e1ria:<br \/>\nO curso possui 5 horas de carga hor\u00e1ria.<\/p>\n","protected":false},"excerpt":{"rendered":"<p>Voc\u00ea aprende Introdu\u00e7\u00e3o ao Curso de Bateria, P\u00e9s\/Independ\u00eancia e Inicia\u00e7\u00e3o r\u00edtmica &#8211; Grooves A e A\/B. Sobre a carga hor\u00e1ria: O curso possui 5 horas de carga hor\u00e1ria.<\/p>\n","protected":false},"featured_media":0,"comment_status":"open","ping_status":"closed","template":"","meta":[],"product_brand":[],"product_cat":[230],"product_tag":[],"class_list":{"0":"post-16551","1":"product","2":"type-product","3":"status-publish","5":"product_cat-musica-e-instrumentos","6":"post","8":"first","9":"instock","10":"virtual","11":"sold-individually","12":"product-type-simple"},"_links":{"self":[{"href":"https:\/\/treina.online\/index.php?rest_route=\/wp\/v2\/product\/16551","targetHints":{"allow":["GET"]}}],"collection":[{"href":"https:\/\/treina.online\/index.php?rest_route=\/wp\/v2\/product"}],"about":[{"href":"https:\/\/treina.online\/index.php?rest_route=\/wp\/v2\/types\/product"}],"replies":[{"embeddable":true,"href":"https:\/\/treina.online\/index.php?rest_route=%2Fwp%2Fv2%2Fcomments&post=16551"}],"version-history":[{"count":0,"href":"https:\/\/treina.online\/index.php?rest_route=\/wp\/v2\/product\/16551\/revisions"}],"wp:attachment":[{"href":"https:\/\/treina.online\/index.php?rest_route=%2Fwp%2Fv2%2Fmedia&parent=16551"}],"wp:term":[{"taxonomy":"product_brand","embeddable":true,"href":"https:\/\/treina.online\/index.php?rest_route=%2Fwp%2Fv2%2Fproduct_brand&post=16551"},{"taxonomy":"product_cat","embeddable":true,"href":"https:\/\/treina.online\/index.php?rest_route=%2Fwp%2Fv2%2Fproduct_cat&post=16551"},{"taxonomy":"product_tag","embeddable":true,"href":"https:\/\/treina.online\/index.php?rest_route=%2Fwp%2Fv2%2Fproduct_tag&post=16551"}],"curies":[{"name":"wp","href":"https:\/\/api.w.org\/{rel}","templated":true}]}}