{"id":16544,"date":"2021-01-24T17:56:31","date_gmt":"2021-01-24T19:56:31","guid":{"rendered":"http:\/\/ecursos.treinaonline.com\/produto\/curso-de-back-office\/"},"modified":"2021-01-24T17:56:31","modified_gmt":"2021-01-24T19:56:31","slug":"curso-de-back-office","status":"publish","type":"product","link":"https:\/\/treina.online\/?product=curso-de-back-office","title":{"rendered":"Curso de Back Office"},"content":{"rendered":"<p>Aborda as v\u00e1rias fun\u00e7\u00f5es e tarefas executadas pelo back office no dia a dia de uma empresa e quais s\u00e3o as fun\u00e7\u00f5es dele no Marketing, na Comunica\u00e7\u00e3o Corporativa, no Departamento Pessoal, Recursos Humanos, Finan\u00e7as e muito mais.<\/p>\n<p>Sobre a carga hor\u00e1ria:<br \/>\nO curso possui 80 horas de carga hor\u00e1ria. Por\u00e9m, se for conclu\u00eddo antes de 5 dias, passa a ter 10 horas de carga hor\u00e1ria. Conforme nosso contrato e termos de uso.<\/p>\n","protected":false},"excerpt":{"rendered":"<p>Aborda as v\u00e1rias fun\u00e7\u00f5es e tarefas executadas pelo back office no dia a dia de uma empresa e quais s\u00e3o as fun\u00e7\u00f5es dele no Marketing, na Comunica\u00e7\u00e3o Corporativa, no Departamento Pessoal, Recursos Humanos, Finan\u00e7as e muito mais. Sobre a carga hor\u00e1ria: O curso possui 80 horas de carga hor\u00e1ria. Por\u00e9m, se for conclu\u00eddo antes de 5 dias, passa a ter [&hellip;]<\/p>\n","protected":false},"featured_media":0,"comment_status":"open","ping_status":"closed","template":"","meta":[],"product_brand":[],"product_cat":[199],"product_tag":[],"class_list":{"0":"post-16544","1":"product","2":"type-product","3":"status-publish","5":"product_cat-administracao","6":"post","8":"first","9":"instock","10":"virtual","11":"sold-individually","12":"product-type-simple"},"_links":{"self":[{"href":"https:\/\/treina.online\/index.php?rest_route=\/wp\/v2\/product\/16544","targetHints":{"allow":["GET"]}}],"collection":[{"href":"https:\/\/treina.online\/index.php?rest_route=\/wp\/v2\/product"}],"about":[{"href":"https:\/\/treina.online\/index.php?rest_route=\/wp\/v2\/types\/product"}],"replies":[{"embeddable":true,"href":"https:\/\/treina.online\/index.php?rest_route=%2Fwp%2Fv2%2Fcomments&post=16544"}],"version-history":[{"count":0,"href":"https:\/\/treina.online\/index.php?rest_route=\/wp\/v2\/product\/16544\/revisions"}],"wp:attachment":[{"href":"https:\/\/treina.online\/index.php?rest_route=%2Fwp%2Fv2%2Fmedia&parent=16544"}],"wp:term":[{"taxonomy":"product_brand","embeddable":true,"href":"https:\/\/treina.online\/index.php?rest_route=%2Fwp%2Fv2%2Fproduct_brand&post=16544"},{"taxonomy":"product_cat","embeddable":true,"href":"https:\/\/treina.online\/index.php?rest_route=%2Fwp%2Fv2%2Fproduct_cat&post=16544"},{"taxonomy":"product_tag","embeddable":true,"href":"https:\/\/treina.online\/index.php?rest_route=%2Fwp%2Fv2%2Fproduct_tag&post=16544"}],"curies":[{"name":"wp","href":"https:\/\/api.w.org\/{rel}","templated":true}]}}