{"id":16541,"date":"2021-01-24T17:56:28","date_gmt":"2021-01-24T19:56:28","guid":{"rendered":"http:\/\/ecursos.treinaonline.com\/produto\/curso-de-avaliacao-de-imoveis-na-pratica\/"},"modified":"2021-01-24T17:56:28","modified_gmt":"2021-01-24T19:56:28","slug":"curso-de-avaliacao-de-imoveis-na-pratica","status":"publish","type":"product","link":"https:\/\/treina.online\/?product=curso-de-avaliacao-de-imoveis-na-pratica","title":{"rendered":"Curso de Avalia\u00e7\u00e3o de im\u00f3veis na pr\u00e1tica"},"content":{"rendered":"<p>Tem como objetivo instruir o aluno sobre os principais pontos de um im\u00f3vel. S\u00e3o apresentadas todas as etapas que formam um bom avaliador de im\u00f3veis, desde o in\u00edcio da forma\u00e7\u00e3o at\u00e9 a finaliza\u00e7\u00e3o de um lado, passando por fatores que valorizam um im\u00f3vel, caracter\u00edsticas, zoneamento e coleta de dados.<\/p>\n<p>Sobre a carga hor\u00e1ria:<br \/>\nO curso possui 80 horas de carga hor\u00e1ria. Por\u00e9m, se for conclu\u00eddo antes de 5 dias, passa a ter 10 horas de carga hor\u00e1ria. Conforme nosso contrato e termos de uso.<\/p>\n","protected":false},"excerpt":{"rendered":"<p>Tem como objetivo instruir o aluno sobre os principais pontos de um im\u00f3vel. S\u00e3o apresentadas todas as etapas que formam um bom avaliador de im\u00f3veis, desde o in\u00edcio da forma\u00e7\u00e3o at\u00e9 a finaliza\u00e7\u00e3o de um lado, passando por fatores que valorizam um im\u00f3vel, caracter\u00edsticas, zoneamento e coleta de dados. Sobre a carga hor\u00e1ria: O curso possui 80 horas de carga [&hellip;]<\/p>\n","protected":false},"featured_media":0,"comment_status":"open","ping_status":"closed","template":"","meta":[],"product_brand":[],"product_cat":[199],"product_tag":[],"class_list":{"0":"post-16541","1":"product","2":"type-product","3":"status-publish","5":"product_cat-administracao","6":"post","8":"first","9":"instock","10":"virtual","11":"sold-individually","12":"product-type-simple"},"_links":{"self":[{"href":"https:\/\/treina.online\/index.php?rest_route=\/wp\/v2\/product\/16541","targetHints":{"allow":["GET"]}}],"collection":[{"href":"https:\/\/treina.online\/index.php?rest_route=\/wp\/v2\/product"}],"about":[{"href":"https:\/\/treina.online\/index.php?rest_route=\/wp\/v2\/types\/product"}],"replies":[{"embeddable":true,"href":"https:\/\/treina.online\/index.php?rest_route=%2Fwp%2Fv2%2Fcomments&post=16541"}],"version-history":[{"count":0,"href":"https:\/\/treina.online\/index.php?rest_route=\/wp\/v2\/product\/16541\/revisions"}],"wp:attachment":[{"href":"https:\/\/treina.online\/index.php?rest_route=%2Fwp%2Fv2%2Fmedia&parent=16541"}],"wp:term":[{"taxonomy":"product_brand","embeddable":true,"href":"https:\/\/treina.online\/index.php?rest_route=%2Fwp%2Fv2%2Fproduct_brand&post=16541"},{"taxonomy":"product_cat","embeddable":true,"href":"https:\/\/treina.online\/index.php?rest_route=%2Fwp%2Fv2%2Fproduct_cat&post=16541"},{"taxonomy":"product_tag","embeddable":true,"href":"https:\/\/treina.online\/index.php?rest_route=%2Fwp%2Fv2%2Fproduct_tag&post=16541"}],"curies":[{"name":"wp","href":"https:\/\/api.w.org\/{rel}","templated":true}]}}