{"id":16535,"date":"2021-01-24T17:56:18","date_gmt":"2021-01-24T19:56:18","guid":{"rendered":"http:\/\/ecursos.treinaonline.com\/produto\/curso-de-auxiliar-de-escritorio-ajudando-o-financeiro\/"},"modified":"2021-01-24T17:56:18","modified_gmt":"2021-01-24T19:56:18","slug":"curso-de-auxiliar-de-escritorio-ajudando-o-financeiro","status":"publish","type":"product","link":"https:\/\/treina.online\/?product=curso-de-auxiliar-de-escritorio-ajudando-o-financeiro","title":{"rendered":"Curso de Auxiliar de Escrit\u00f3rio: Ajudando o Financeiro"},"content":{"rendered":"<p>Aborda Departamento Financeiro \u0096 Parte I \u0096 Servi\u00e7os banc\u00e1rios, Cart\u00f3rios, Correios, Departamento Financeiro \u0096 Parte II \u0096 Organiza\u00e7\u00e3o de documentos, Pagamentos e Recebimentos.<\/p>\n<p>Sobre a carga hor\u00e1ria:<br \/>\nO curso possui 10 horas de carga hor\u00e1ria.<\/p>\n","protected":false},"excerpt":{"rendered":"<p>Aborda Departamento Financeiro \u0096 Parte I \u0096 Servi\u00e7os banc\u00e1rios, Cart\u00f3rios, Correios, Departamento Financeiro \u0096 Parte II \u0096 Organiza\u00e7\u00e3o de documentos, Pagamentos e Recebimentos. Sobre a carga hor\u00e1ria: O curso possui 10 horas de carga hor\u00e1ria.<\/p>\n","protected":false},"featured_media":0,"comment_status":"open","ping_status":"closed","template":"","meta":[],"product_brand":[],"product_cat":[199],"product_tag":[],"class_list":{"0":"post-16535","1":"product","2":"type-product","3":"status-publish","5":"product_cat-administracao","6":"post","8":"first","9":"instock","10":"virtual","11":"sold-individually","12":"product-type-simple"},"_links":{"self":[{"href":"https:\/\/treina.online\/index.php?rest_route=\/wp\/v2\/product\/16535","targetHints":{"allow":["GET"]}}],"collection":[{"href":"https:\/\/treina.online\/index.php?rest_route=\/wp\/v2\/product"}],"about":[{"href":"https:\/\/treina.online\/index.php?rest_route=\/wp\/v2\/types\/product"}],"replies":[{"embeddable":true,"href":"https:\/\/treina.online\/index.php?rest_route=%2Fwp%2Fv2%2Fcomments&post=16535"}],"version-history":[{"count":0,"href":"https:\/\/treina.online\/index.php?rest_route=\/wp\/v2\/product\/16535\/revisions"}],"wp:attachment":[{"href":"https:\/\/treina.online\/index.php?rest_route=%2Fwp%2Fv2%2Fmedia&parent=16535"}],"wp:term":[{"taxonomy":"product_brand","embeddable":true,"href":"https:\/\/treina.online\/index.php?rest_route=%2Fwp%2Fv2%2Fproduct_brand&post=16535"},{"taxonomy":"product_cat","embeddable":true,"href":"https:\/\/treina.online\/index.php?rest_route=%2Fwp%2Fv2%2Fproduct_cat&post=16535"},{"taxonomy":"product_tag","embeddable":true,"href":"https:\/\/treina.online\/index.php?rest_route=%2Fwp%2Fv2%2Fproduct_tag&post=16535"}],"curies":[{"name":"wp","href":"https:\/\/api.w.org\/{rel}","templated":true}]}}