{"id":16532,"date":"2021-01-24T17:56:15","date_gmt":"2021-01-24T19:56:15","guid":{"rendered":"http:\/\/ecursos.treinaonline.com\/produto\/curso-de-automaquiagem\/"},"modified":"2024-09-08T10:47:51","modified_gmt":"2024-09-08T13:47:51","slug":"curso-de-automaquiagem","status":"publish","type":"product","link":"https:\/\/treina.online\/?product=curso-de-automaquiagem","title":{"rendered":"Curso de Automaquiagem"},"content":{"rendered":"<p>Aborda sobre a higieniza\u00e7\u00e3o da pele, corretivos, contornos e ilumina\u00e7\u00e3o, base, como aplicar o p\u00f3, como corrigir a sobrancelha e aplicar sombra nos olhos. Ver\u00e1 tamb\u00e9m sobre como delinear os olhos, como colocar c\u00edlios posti\u00e7os e a aplicar m\u00e1scara de c\u00edlios.<\/p>\n<p>Sobre a carga hor\u00e1ria:<br \/>\nO curso possui 80 horas de carga hor\u00e1ria. Por\u00e9m, se for conclu\u00eddo antes de 5 dias, passa a ter 10 horas de carga hor\u00e1ria. Conforme nosso contrato e termos de uso.<\/p>\n","protected":false},"excerpt":{"rendered":"<p>Aborda sobre a higieniza\u00e7\u00e3o da pele, corretivos, contornos e ilumina\u00e7\u00e3o, base, como aplicar o p\u00f3, como corrigir a sobrancelha e aplicar sombra nos olhos. Ver\u00e1 tamb\u00e9m sobre como delinear os olhos, como colocar c\u00edlios posti\u00e7os e a aplicar m\u00e1scara de c\u00edlios. Sobre a carga hor\u00e1ria: O curso possui 80 horas de carga hor\u00e1ria. Por\u00e9m, se for conclu\u00eddo antes de 5 [&hellip;]<\/p>\n","protected":false},"featured_media":0,"comment_status":"open","ping_status":"closed","template":"","meta":[],"product_brand":[],"product_cat":[217],"product_tag":[],"class_list":{"0":"post-16532","1":"product","2":"type-product","3":"status-publish","5":"product_cat-estetica-e-beleza","6":"post","8":"first","9":"instock","10":"virtual","11":"sold-individually","12":"product-type-simple"},"_links":{"self":[{"href":"https:\/\/treina.online\/index.php?rest_route=\/wp\/v2\/product\/16532","targetHints":{"allow":["GET"]}}],"collection":[{"href":"https:\/\/treina.online\/index.php?rest_route=\/wp\/v2\/product"}],"about":[{"href":"https:\/\/treina.online\/index.php?rest_route=\/wp\/v2\/types\/product"}],"replies":[{"embeddable":true,"href":"https:\/\/treina.online\/index.php?rest_route=%2Fwp%2Fv2%2Fcomments&post=16532"}],"version-history":[{"count":0,"href":"https:\/\/treina.online\/index.php?rest_route=\/wp\/v2\/product\/16532\/revisions"}],"wp:attachment":[{"href":"https:\/\/treina.online\/index.php?rest_route=%2Fwp%2Fv2%2Fmedia&parent=16532"}],"wp:term":[{"taxonomy":"product_brand","embeddable":true,"href":"https:\/\/treina.online\/index.php?rest_route=%2Fwp%2Fv2%2Fproduct_brand&post=16532"},{"taxonomy":"product_cat","embeddable":true,"href":"https:\/\/treina.online\/index.php?rest_route=%2Fwp%2Fv2%2Fproduct_cat&post=16532"},{"taxonomy":"product_tag","embeddable":true,"href":"https:\/\/treina.online\/index.php?rest_route=%2Fwp%2Fv2%2Fproduct_tag&post=16532"}],"curies":[{"name":"wp","href":"https:\/\/api.w.org\/{rel}","templated":true}]}}