{"id":16526,"date":"2021-01-24T17:56:10","date_gmt":"2021-01-24T19:56:10","guid":{"rendered":"http:\/\/ecursos.treinaonline.com\/produto\/curso-de-auditoria-ambiental\/"},"modified":"2021-01-24T17:56:10","modified_gmt":"2021-01-24T19:56:10","slug":"curso-de-auditoria-ambiental","status":"publish","type":"product","link":"https:\/\/treina.online\/?product=curso-de-auditoria-ambiental","title":{"rendered":"Curso de Auditoria Ambiental"},"content":{"rendered":"<p>Explica sobre o monitoramento de polui\u00e7\u00e3o, diagn\u00f3stico de contamina\u00e7\u00e3o do meio ambiente, gest\u00e3o ambiental e de recursos naturais. Avaliar tamb\u00e9m o cumprimento de diretrizes da empresa, o que inclui o atendimento das exig\u00eancias dos \u00f3rg\u00e3os reguladores e das normas aplic\u00e1veis.<\/p>\n<p>Sobre a carga hor\u00e1ria:<br \/>\nO curso possui 80 horas de carga hor\u00e1ria. Por\u00e9m, se for conclu\u00eddo antes de 5 dias, passa a ter 10 horas de carga hor\u00e1ria. Conforme nosso contrato e termos de uso.<\/p>\n","protected":false},"excerpt":{"rendered":"<p>Explica sobre o monitoramento de polui\u00e7\u00e3o, diagn\u00f3stico de contamina\u00e7\u00e3o do meio ambiente, gest\u00e3o ambiental e de recursos naturais. Avaliar tamb\u00e9m o cumprimento de diretrizes da empresa, o que inclui o atendimento das exig\u00eancias dos \u00f3rg\u00e3os reguladores e das normas aplic\u00e1veis. Sobre a carga hor\u00e1ria: O curso possui 80 horas de carga hor\u00e1ria. Por\u00e9m, se for conclu\u00eddo antes de 5 dias, [&hellip;]<\/p>\n","protected":false},"featured_media":0,"comment_status":"open","ping_status":"closed","template":"","meta":[],"product_brand":[],"product_cat":[199],"product_tag":[],"class_list":{"0":"post-16526","1":"product","2":"type-product","3":"status-publish","5":"product_cat-administracao","6":"post","8":"first","9":"instock","10":"virtual","11":"sold-individually","12":"product-type-simple"},"_links":{"self":[{"href":"https:\/\/treina.online\/index.php?rest_route=\/wp\/v2\/product\/16526","targetHints":{"allow":["GET"]}}],"collection":[{"href":"https:\/\/treina.online\/index.php?rest_route=\/wp\/v2\/product"}],"about":[{"href":"https:\/\/treina.online\/index.php?rest_route=\/wp\/v2\/types\/product"}],"replies":[{"embeddable":true,"href":"https:\/\/treina.online\/index.php?rest_route=%2Fwp%2Fv2%2Fcomments&post=16526"}],"version-history":[{"count":0,"href":"https:\/\/treina.online\/index.php?rest_route=\/wp\/v2\/product\/16526\/revisions"}],"wp:attachment":[{"href":"https:\/\/treina.online\/index.php?rest_route=%2Fwp%2Fv2%2Fmedia&parent=16526"}],"wp:term":[{"taxonomy":"product_brand","embeddable":true,"href":"https:\/\/treina.online\/index.php?rest_route=%2Fwp%2Fv2%2Fproduct_brand&post=16526"},{"taxonomy":"product_cat","embeddable":true,"href":"https:\/\/treina.online\/index.php?rest_route=%2Fwp%2Fv2%2Fproduct_cat&post=16526"},{"taxonomy":"product_tag","embeddable":true,"href":"https:\/\/treina.online\/index.php?rest_route=%2Fwp%2Fv2%2Fproduct_tag&post=16526"}],"curies":[{"name":"wp","href":"https:\/\/api.w.org\/{rel}","templated":true}]}}