{"id":16506,"date":"2021-01-24T17:55:48","date_gmt":"2021-01-24T19:55:48","guid":{"rendered":"http:\/\/ecursos.treinaonline.com\/produto\/curso-de-artesanato-em-feltro\/"},"modified":"2021-01-24T17:55:48","modified_gmt":"2021-01-24T19:55:48","slug":"curso-de-artesanato-em-feltro","status":"publish","type":"product","link":"https:\/\/treina.online\/?product=curso-de-artesanato-em-feltro","title":{"rendered":"Curso de Artesanato em Feltro"},"content":{"rendered":"<p>Explica todos os segredos do Feltro. Voc\u00ea vai aprender a trabalhar com moldes, enchimentos, pontos e acabamentos. Al\u00e9m de confeccionar lindos chaveiros, im\u00e3s de geladeira, estojo para l\u00e1pis, capas para celular e cadernos, marcadores de p\u00e1ginas, jogos educativos e muito mais.<\/p>\n<p>Sobre a carga hor\u00e1ria:<br \/>\nO curso possui 80 horas de carga hor\u00e1ria. Por\u00e9m, se for conclu\u00eddo antes de 5 dias, passa a ter 10 horas de carga hor\u00e1ria. Conforme nosso contrato e termos de uso.<\/p>\n","protected":false},"excerpt":{"rendered":"<p>Explica todos os segredos do Feltro. Voc\u00ea vai aprender a trabalhar com moldes, enchimentos, pontos e acabamentos. Al\u00e9m de confeccionar lindos chaveiros, im\u00e3s de geladeira, estojo para l\u00e1pis, capas para celular e cadernos, marcadores de p\u00e1ginas, jogos educativos e muito mais. Sobre a carga hor\u00e1ria: O curso possui 80 horas de carga hor\u00e1ria. Por\u00e9m, se for conclu\u00eddo antes de 5 [&hellip;]<\/p>\n","protected":false},"featured_media":0,"comment_status":"open","ping_status":"closed","template":"","meta":[],"product_brand":[],"product_cat":[203],"product_tag":[],"class_list":{"0":"post-16506","1":"product","2":"type-product","3":"status-publish","5":"product_cat-artesanato","6":"post","8":"first","9":"instock","10":"virtual","11":"sold-individually","12":"product-type-simple"},"_links":{"self":[{"href":"https:\/\/treina.online\/index.php?rest_route=\/wp\/v2\/product\/16506","targetHints":{"allow":["GET"]}}],"collection":[{"href":"https:\/\/treina.online\/index.php?rest_route=\/wp\/v2\/product"}],"about":[{"href":"https:\/\/treina.online\/index.php?rest_route=\/wp\/v2\/types\/product"}],"replies":[{"embeddable":true,"href":"https:\/\/treina.online\/index.php?rest_route=%2Fwp%2Fv2%2Fcomments&post=16506"}],"version-history":[{"count":0,"href":"https:\/\/treina.online\/index.php?rest_route=\/wp\/v2\/product\/16506\/revisions"}],"wp:attachment":[{"href":"https:\/\/treina.online\/index.php?rest_route=%2Fwp%2Fv2%2Fmedia&parent=16506"}],"wp:term":[{"taxonomy":"product_brand","embeddable":true,"href":"https:\/\/treina.online\/index.php?rest_route=%2Fwp%2Fv2%2Fproduct_brand&post=16506"},{"taxonomy":"product_cat","embeddable":true,"href":"https:\/\/treina.online\/index.php?rest_route=%2Fwp%2Fv2%2Fproduct_cat&post=16506"},{"taxonomy":"product_tag","embeddable":true,"href":"https:\/\/treina.online\/index.php?rest_route=%2Fwp%2Fv2%2Fproduct_tag&post=16506"}],"curies":[{"name":"wp","href":"https:\/\/api.w.org\/{rel}","templated":true}]}}