{"id":16503,"date":"2021-01-24T17:55:46","date_gmt":"2021-01-24T19:55:46","guid":{"rendered":"http:\/\/ecursos.treinaonline.com\/produto\/curso-de-arroz-com-costelinhas-de-porco\/"},"modified":"2021-01-24T17:55:46","modified_gmt":"2021-01-24T19:55:46","slug":"curso-de-arroz-com-costelinhas-de-porco","status":"publish","type":"product","link":"https:\/\/treina.online\/?product=curso-de-arroz-com-costelinhas-de-porco","title":{"rendered":"Curso de Arroz com Costelinhas de Porco"},"content":{"rendered":"<p>Ensina Arroz com Costelinhas de Porco, A Prepara\u00e7\u00e3o do Arroz com Costelinhas de Porco e Finaliza\u00e7\u00e3o do Arroz com Costelinhas de Porco.<\/p>\n<p>Sobre a carga hor\u00e1ria:<br \/>\nO curso possui 2 horas de carga hor\u00e1ria.<\/p>\n","protected":false},"excerpt":{"rendered":"<p>Ensina Arroz com Costelinhas de Porco, A Prepara\u00e7\u00e3o do Arroz com Costelinhas de Porco e Finaliza\u00e7\u00e3o do Arroz com Costelinhas de Porco. Sobre a carga hor\u00e1ria: O curso possui 2 horas de carga hor\u00e1ria.<\/p>\n","protected":false},"featured_media":0,"comment_status":"open","ping_status":"closed","template":"","meta":[],"product_brand":[],"product_cat":[208],"product_tag":[],"class_list":{"0":"post-16503","1":"product","2":"type-product","3":"status-publish","5":"product_cat-culinaria-e-gastronomia","6":"post","8":"first","9":"instock","10":"virtual","11":"sold-individually","12":"product-type-simple"},"_links":{"self":[{"href":"https:\/\/treina.online\/index.php?rest_route=\/wp\/v2\/product\/16503","targetHints":{"allow":["GET"]}}],"collection":[{"href":"https:\/\/treina.online\/index.php?rest_route=\/wp\/v2\/product"}],"about":[{"href":"https:\/\/treina.online\/index.php?rest_route=\/wp\/v2\/types\/product"}],"replies":[{"embeddable":true,"href":"https:\/\/treina.online\/index.php?rest_route=%2Fwp%2Fv2%2Fcomments&post=16503"}],"version-history":[{"count":0,"href":"https:\/\/treina.online\/index.php?rest_route=\/wp\/v2\/product\/16503\/revisions"}],"wp:attachment":[{"href":"https:\/\/treina.online\/index.php?rest_route=%2Fwp%2Fv2%2Fmedia&parent=16503"}],"wp:term":[{"taxonomy":"product_brand","embeddable":true,"href":"https:\/\/treina.online\/index.php?rest_route=%2Fwp%2Fv2%2Fproduct_brand&post=16503"},{"taxonomy":"product_cat","embeddable":true,"href":"https:\/\/treina.online\/index.php?rest_route=%2Fwp%2Fv2%2Fproduct_cat&post=16503"},{"taxonomy":"product_tag","embeddable":true,"href":"https:\/\/treina.online\/index.php?rest_route=%2Fwp%2Fv2%2Fproduct_tag&post=16503"}],"curies":[{"name":"wp","href":"https:\/\/api.w.org\/{rel}","templated":true}]}}