{"id":16502,"date":"2021-01-24T17:55:45","date_gmt":"2021-01-24T19:55:45","guid":{"rendered":"http:\/\/ecursos.treinaonline.com\/produto\/curso-de-analise-de-demonstracoes-contabeis\/"},"modified":"2021-01-24T17:55:45","modified_gmt":"2021-01-24T19:55:45","slug":"curso-de-analise-de-demonstracoes-contabeis","status":"publish","type":"product","link":"https:\/\/treina.online\/?product=curso-de-analise-de-demonstracoes-contabeis","title":{"rendered":"Curso de An\u00e1lise de Demonstra\u00e7\u00f5es Cont\u00e1beis"},"content":{"rendered":"<p>Uma s\u00e9rie de instrumentos, metodologias e c\u00e1lculos essenciais para o correto diagn\u00f3stico econ\u00f4mico e financeiro das empresas. Al\u00e9m disso, nesse curso voc\u00ea ter\u00e1 acesso a v\u00e1rias situa\u00e7\u00f5es pr\u00e1ticas sobre a an\u00e1lise de demonstra\u00e7\u00f5es cont\u00e1beis e diversos conceitos como: composi\u00e7\u00e3o de endividamentos, rela\u00e7\u00e3o entre demonstra\u00e7\u00f5es, balan\u00e7os, an\u00e1lise din\u00e2mica e vertical, demonstra\u00e7\u00f5es cont\u00e1beis e muito mais.<\/p>\n<p>Sobre a carga hor\u00e1ria:<br \/>\nO curso possui 80 horas de carga hor\u00e1ria. Por\u00e9m, se for conclu\u00eddo antes de 5 dias, passa a ter 10 horas de carga hor\u00e1ria. Conforme nosso contrato e termos de uso.<\/p>\n","protected":false},"excerpt":{"rendered":"<p>Uma s\u00e9rie de instrumentos, metodologias e c\u00e1lculos essenciais para o correto diagn\u00f3stico econ\u00f4mico e financeiro das empresas. Al\u00e9m disso, nesse curso voc\u00ea ter\u00e1 acesso a v\u00e1rias situa\u00e7\u00f5es pr\u00e1ticas sobre a an\u00e1lise de demonstra\u00e7\u00f5es cont\u00e1beis e diversos conceitos como: composi\u00e7\u00e3o de endividamentos, rela\u00e7\u00e3o entre demonstra\u00e7\u00f5es, balan\u00e7os, an\u00e1lise din\u00e2mica e vertical, demonstra\u00e7\u00f5es cont\u00e1beis e muito mais. Sobre a carga hor\u00e1ria: O curso [&hellip;]<\/p>\n","protected":false},"featured_media":0,"comment_status":"open","ping_status":"closed","template":"","meta":[],"product_brand":[],"product_cat":[206],"product_tag":[],"class_list":{"0":"post-16502","1":"product","2":"type-product","3":"status-publish","5":"product_cat-contabilidade","6":"post","8":"first","9":"instock","10":"virtual","11":"sold-individually","12":"product-type-simple"},"_links":{"self":[{"href":"https:\/\/treina.online\/index.php?rest_route=\/wp\/v2\/product\/16502","targetHints":{"allow":["GET"]}}],"collection":[{"href":"https:\/\/treina.online\/index.php?rest_route=\/wp\/v2\/product"}],"about":[{"href":"https:\/\/treina.online\/index.php?rest_route=\/wp\/v2\/types\/product"}],"replies":[{"embeddable":true,"href":"https:\/\/treina.online\/index.php?rest_route=%2Fwp%2Fv2%2Fcomments&post=16502"}],"version-history":[{"count":0,"href":"https:\/\/treina.online\/index.php?rest_route=\/wp\/v2\/product\/16502\/revisions"}],"wp:attachment":[{"href":"https:\/\/treina.online\/index.php?rest_route=%2Fwp%2Fv2%2Fmedia&parent=16502"}],"wp:term":[{"taxonomy":"product_brand","embeddable":true,"href":"https:\/\/treina.online\/index.php?rest_route=%2Fwp%2Fv2%2Fproduct_brand&post=16502"},{"taxonomy":"product_cat","embeddable":true,"href":"https:\/\/treina.online\/index.php?rest_route=%2Fwp%2Fv2%2Fproduct_cat&post=16502"},{"taxonomy":"product_tag","embeddable":true,"href":"https:\/\/treina.online\/index.php?rest_route=%2Fwp%2Fv2%2Fproduct_tag&post=16502"}],"curies":[{"name":"wp","href":"https:\/\/api.w.org\/{rel}","templated":true}]}}