{"id":16500,"date":"2021-01-24T17:55:43","date_gmt":"2021-01-24T19:55:43","guid":{"rendered":"http:\/\/ecursos.treinaonline.com\/produto\/curso-de-analise-de-candidato-selecao-por-competencia\/"},"modified":"2021-01-24T17:55:43","modified_gmt":"2021-01-24T19:55:43","slug":"curso-de-analise-de-candidato-selecao-por-competencia","status":"publish","type":"product","link":"https:\/\/treina.online\/?product=curso-de-analise-de-candidato-selecao-por-competencia","title":{"rendered":"Curso de An\u00e1lise de Candidato: Sele\u00e7\u00e3o Por Compet\u00eancia"},"content":{"rendered":"<p>Explica Sele\u00e7\u00e3o Por Compet\u00eancia &#8211; Parte 1 e Sele\u00e7\u00e3o por Compet\u00eancia &#8211; Parte 2.<\/p>\n<p>Sobre a carga hor\u00e1ria:<br \/>\nO curso possui 2 horas de carga hor\u00e1ria.<\/p>\n","protected":false},"excerpt":{"rendered":"<p>Explica Sele\u00e7\u00e3o Por Compet\u00eancia &#8211; Parte 1 e Sele\u00e7\u00e3o por Compet\u00eancia &#8211; Parte 2. Sobre a carga hor\u00e1ria: O curso possui 2 horas de carga hor\u00e1ria.<\/p>\n","protected":false},"featured_media":0,"comment_status":"open","ping_status":"closed","template":"","meta":[],"product_brand":[],"product_cat":[236],"product_tag":[],"class_list":{"0":"post-16500","1":"product","2":"type-product","3":"status-publish","5":"product_cat-recursos-humanos","6":"post","8":"first","9":"instock","10":"virtual","11":"sold-individually","12":"product-type-simple"},"_links":{"self":[{"href":"https:\/\/treina.online\/index.php?rest_route=\/wp\/v2\/product\/16500","targetHints":{"allow":["GET"]}}],"collection":[{"href":"https:\/\/treina.online\/index.php?rest_route=\/wp\/v2\/product"}],"about":[{"href":"https:\/\/treina.online\/index.php?rest_route=\/wp\/v2\/types\/product"}],"replies":[{"embeddable":true,"href":"https:\/\/treina.online\/index.php?rest_route=%2Fwp%2Fv2%2Fcomments&post=16500"}],"version-history":[{"count":0,"href":"https:\/\/treina.online\/index.php?rest_route=\/wp\/v2\/product\/16500\/revisions"}],"wp:attachment":[{"href":"https:\/\/treina.online\/index.php?rest_route=%2Fwp%2Fv2%2Fmedia&parent=16500"}],"wp:term":[{"taxonomy":"product_brand","embeddable":true,"href":"https:\/\/treina.online\/index.php?rest_route=%2Fwp%2Fv2%2Fproduct_brand&post=16500"},{"taxonomy":"product_cat","embeddable":true,"href":"https:\/\/treina.online\/index.php?rest_route=%2Fwp%2Fv2%2Fproduct_cat&post=16500"},{"taxonomy":"product_tag","embeddable":true,"href":"https:\/\/treina.online\/index.php?rest_route=%2Fwp%2Fv2%2Fproduct_tag&post=16500"}],"curies":[{"name":"wp","href":"https:\/\/api.w.org\/{rel}","templated":true}]}}