{"id":16499,"date":"2021-01-24T17:55:38","date_gmt":"2021-01-24T19:55:38","guid":{"rendered":"http:\/\/ecursos.treinaonline.com\/produto\/curso-de-analise-de-candidato-acoes-de-um-bom-recrutador\/"},"modified":"2021-01-24T17:55:38","modified_gmt":"2021-01-24T19:55:38","slug":"curso-de-analise-de-candidato-acoes-de-um-bom-recrutador","status":"publish","type":"product","link":"https:\/\/treina.online\/?product=curso-de-analise-de-candidato-acoes-de-um-bom-recrutador","title":{"rendered":"Curso de An\u00e1lise de Candidato: A\u00e7\u00f5es de um Bom Recrutador"},"content":{"rendered":"<p>Ensina A\u00e7\u00f5es de um Bom Recrutador \u0096 Parte 1 e A\u00e7\u00f5es de um Bom Recrutador \u0096 Parte 2.<\/p>\n<p>Sobre a carga hor\u00e1ria:<br \/>\nO curso possui 2 horas de carga hor\u00e1ria.<\/p>\n","protected":false},"excerpt":{"rendered":"<p>Ensina A\u00e7\u00f5es de um Bom Recrutador \u0096 Parte 1 e A\u00e7\u00f5es de um Bom Recrutador \u0096 Parte 2. Sobre a carga hor\u00e1ria: O curso possui 2 horas de carga hor\u00e1ria.<\/p>\n","protected":false},"featured_media":0,"comment_status":"open","ping_status":"closed","template":"","meta":[],"product_brand":[],"product_cat":[236],"product_tag":[],"class_list":{"0":"post-16499","1":"product","2":"type-product","3":"status-publish","5":"product_cat-recursos-humanos","6":"post","8":"first","9":"instock","10":"virtual","11":"sold-individually","12":"product-type-simple"},"_links":{"self":[{"href":"https:\/\/treina.online\/index.php?rest_route=\/wp\/v2\/product\/16499","targetHints":{"allow":["GET"]}}],"collection":[{"href":"https:\/\/treina.online\/index.php?rest_route=\/wp\/v2\/product"}],"about":[{"href":"https:\/\/treina.online\/index.php?rest_route=\/wp\/v2\/types\/product"}],"replies":[{"embeddable":true,"href":"https:\/\/treina.online\/index.php?rest_route=%2Fwp%2Fv2%2Fcomments&post=16499"}],"version-history":[{"count":0,"href":"https:\/\/treina.online\/index.php?rest_route=\/wp\/v2\/product\/16499\/revisions"}],"wp:attachment":[{"href":"https:\/\/treina.online\/index.php?rest_route=%2Fwp%2Fv2%2Fmedia&parent=16499"}],"wp:term":[{"taxonomy":"product_brand","embeddable":true,"href":"https:\/\/treina.online\/index.php?rest_route=%2Fwp%2Fv2%2Fproduct_brand&post=16499"},{"taxonomy":"product_cat","embeddable":true,"href":"https:\/\/treina.online\/index.php?rest_route=%2Fwp%2Fv2%2Fproduct_cat&post=16499"},{"taxonomy":"product_tag","embeddable":true,"href":"https:\/\/treina.online\/index.php?rest_route=%2Fwp%2Fv2%2Fproduct_tag&post=16499"}],"curies":[{"name":"wp","href":"https:\/\/api.w.org\/{rel}","templated":true}]}}