{"id":16493,"date":"2021-01-24T17:55:31","date_gmt":"2021-01-24T19:55:31","guid":{"rendered":"http:\/\/ecursos.treinaonline.com\/produto\/curso-de-aleitamento-materno-iniciando-a-amamentacao\/"},"modified":"2021-01-24T17:55:31","modified_gmt":"2021-01-24T19:55:31","slug":"curso-de-aleitamento-materno-iniciando-a-amamentacao","status":"publish","type":"product","link":"https:\/\/treina.online\/?product=curso-de-aleitamento-materno-iniciando-a-amamentacao","title":{"rendered":"Curso de Aleitamento Materno: Iniciando a Amamenta\u00e7\u00e3o"},"content":{"rendered":"<p>Voc\u00ea aprende Assist\u00eancia no p\u00f3s-parto, Iniciando a amamenta\u00e7\u00e3o, Cuidado com as mamas, Cuidados com o rec\u00e9m-nascido, Nutri\u00e7\u00e3o materna, Retorno da m\u00e3e ao trabalho e Armazenamento do leite materno.<\/p>\n<p>Sobre a carga hor\u00e1ria:<br \/>\nO curso possui 10 horas de carga hor\u00e1ria.<\/p>\n","protected":false},"excerpt":{"rendered":"<p>Voc\u00ea aprende Assist\u00eancia no p\u00f3s-parto, Iniciando a amamenta\u00e7\u00e3o, Cuidado com as mamas, Cuidados com o rec\u00e9m-nascido, Nutri\u00e7\u00e3o materna, Retorno da m\u00e3e ao trabalho e Armazenamento do leite materno. Sobre a carga hor\u00e1ria: O curso possui 10 horas de carga hor\u00e1ria.<\/p>\n","protected":false},"featured_media":0,"comment_status":"open","ping_status":"closed","template":"","meta":[],"product_brand":[],"product_cat":[231],"product_tag":[],"class_list":{"0":"post-16493","1":"product","2":"type-product","3":"status-publish","5":"product_cat-nutricao","6":"post","8":"first","9":"instock","10":"virtual","11":"sold-individually","12":"product-type-simple"},"_links":{"self":[{"href":"https:\/\/treina.online\/index.php?rest_route=\/wp\/v2\/product\/16493","targetHints":{"allow":["GET"]}}],"collection":[{"href":"https:\/\/treina.online\/index.php?rest_route=\/wp\/v2\/product"}],"about":[{"href":"https:\/\/treina.online\/index.php?rest_route=\/wp\/v2\/types\/product"}],"replies":[{"embeddable":true,"href":"https:\/\/treina.online\/index.php?rest_route=%2Fwp%2Fv2%2Fcomments&post=16493"}],"version-history":[{"count":0,"href":"https:\/\/treina.online\/index.php?rest_route=\/wp\/v2\/product\/16493\/revisions"}],"wp:attachment":[{"href":"https:\/\/treina.online\/index.php?rest_route=%2Fwp%2Fv2%2Fmedia&parent=16493"}],"wp:term":[{"taxonomy":"product_brand","embeddable":true,"href":"https:\/\/treina.online\/index.php?rest_route=%2Fwp%2Fv2%2Fproduct_brand&post=16493"},{"taxonomy":"product_cat","embeddable":true,"href":"https:\/\/treina.online\/index.php?rest_route=%2Fwp%2Fv2%2Fproduct_cat&post=16493"},{"taxonomy":"product_tag","embeddable":true,"href":"https:\/\/treina.online\/index.php?rest_route=%2Fwp%2Fv2%2Fproduct_tag&post=16493"}],"curies":[{"name":"wp","href":"https:\/\/api.w.org\/{rel}","templated":true}]}}