{"id":16490,"date":"2021-01-24T17:55:29","date_gmt":"2021-01-24T19:55:29","guid":{"rendered":"http:\/\/ecursos.treinaonline.com\/produto\/curso-de-after-effects-cs5\/"},"modified":"2021-01-24T17:55:29","modified_gmt":"2021-01-24T19:55:29","slug":"curso-de-after-effects-cs5","status":"publish","type":"product","link":"https:\/\/treina.online\/?product=curso-de-after-effects-cs5","title":{"rendered":"Curso de After Effects CS5"},"content":{"rendered":"<p>Voc\u00ea aprende todas as fun\u00e7\u00f5es e recursos do after effects cs5, al\u00e9m de criar anima\u00e7\u00f5es em 3D utilizando somente esse software. Aqui voc\u00ea vai aprender as principais ferramentas e fun\u00e7\u00f5es desse software, desde a importa\u00e7\u00e3o dos arquivos e os componentes da \u00e1rea de trabalho do after effects, at\u00e9 os conceitos de anima\u00e7\u00e3o que podem ser feitos, como a estabiliza\u00e7\u00e3o de movimentos, os cortes de v\u00eddeo, o trabalho com \u00e1udio e a cria\u00e7\u00e3o dos objetos em 3D.<\/p>\n<p>Sobre a carga hor\u00e1ria:<br \/>\nO curso possui 80 horas de carga hor\u00e1ria. Por\u00e9m, se for conclu\u00eddo antes de 5 dias, passa a ter 10 horas de carga hor\u00e1ria. Conforme nosso contrato e termos de uso.<\/p>\n","protected":false},"excerpt":{"rendered":"<p>Voc\u00ea aprende todas as fun\u00e7\u00f5es e recursos do after effects cs5, al\u00e9m de criar anima\u00e7\u00f5es em 3D utilizando somente esse software. Aqui voc\u00ea vai aprender as principais ferramentas e fun\u00e7\u00f5es desse software, desde a importa\u00e7\u00e3o dos arquivos e os componentes da \u00e1rea de trabalho do after effects, at\u00e9 os conceitos de anima\u00e7\u00e3o que podem ser feitos, como a estabiliza\u00e7\u00e3o de [&hellip;]<\/p>\n","protected":false},"featured_media":0,"comment_status":"open","ping_status":"closed","template":"","meta":[],"product_brand":[],"product_cat":[233],"product_tag":[],"class_list":{"0":"post-16490","1":"product","2":"type-product","3":"status-publish","5":"product_cat-programacao-e-desenvolvimento","6":"post","8":"first","9":"instock","10":"virtual","11":"sold-individually","12":"product-type-simple"},"_links":{"self":[{"href":"https:\/\/treina.online\/index.php?rest_route=\/wp\/v2\/product\/16490","targetHints":{"allow":["GET"]}}],"collection":[{"href":"https:\/\/treina.online\/index.php?rest_route=\/wp\/v2\/product"}],"about":[{"href":"https:\/\/treina.online\/index.php?rest_route=\/wp\/v2\/types\/product"}],"replies":[{"embeddable":true,"href":"https:\/\/treina.online\/index.php?rest_route=%2Fwp%2Fv2%2Fcomments&post=16490"}],"version-history":[{"count":0,"href":"https:\/\/treina.online\/index.php?rest_route=\/wp\/v2\/product\/16490\/revisions"}],"wp:attachment":[{"href":"https:\/\/treina.online\/index.php?rest_route=%2Fwp%2Fv2%2Fmedia&parent=16490"}],"wp:term":[{"taxonomy":"product_brand","embeddable":true,"href":"https:\/\/treina.online\/index.php?rest_route=%2Fwp%2Fv2%2Fproduct_brand&post=16490"},{"taxonomy":"product_cat","embeddable":true,"href":"https:\/\/treina.online\/index.php?rest_route=%2Fwp%2Fv2%2Fproduct_cat&post=16490"},{"taxonomy":"product_tag","embeddable":true,"href":"https:\/\/treina.online\/index.php?rest_route=%2Fwp%2Fv2%2Fproduct_tag&post=16490"}],"curies":[{"name":"wp","href":"https:\/\/api.w.org\/{rel}","templated":true}]}}