{"id":16488,"date":"2021-01-24T17:55:27","date_gmt":"2021-01-24T19:55:27","guid":{"rendered":"http:\/\/ecursos.treinaonline.com\/produto\/curso-de-administracao-tipo-de-lideranca\/"},"modified":"2024-09-08T10:47:50","modified_gmt":"2024-09-08T13:47:50","slug":"curso-de-administracao-tipo-de-lideranca","status":"publish","type":"product","link":"https:\/\/treina.online\/?product=curso-de-administracao-tipo-de-lideranca","title":{"rendered":"Curso de Administra\u00e7\u00e3o: Tipo de Lideran\u00e7a"},"content":{"rendered":"<p>Ensina Tipos de lideran\u00e7a, O poder na pr\u00e1tica, O que faz um bom l\u00edder?, Como medir resultados e Como avaliar resultados.<\/p>\n<p>Sobre a carga hor\u00e1ria:<br \/>\nO curso possui 5 horas de carga hor\u00e1ria.<\/p>\n","protected":false},"excerpt":{"rendered":"<p>Ensina Tipos de lideran\u00e7a, O poder na pr\u00e1tica, O que faz um bom l\u00edder?, Como medir resultados e Como avaliar resultados. Sobre a carga hor\u00e1ria: O curso possui 5 horas de carga hor\u00e1ria.<\/p>\n","protected":false},"featured_media":0,"comment_status":"open","ping_status":"closed","template":"","meta":[],"product_brand":[],"product_cat":[199],"product_tag":[],"class_list":{"0":"post-16488","1":"product","2":"type-product","3":"status-publish","5":"product_cat-administracao","6":"post","8":"first","9":"instock","10":"virtual","11":"sold-individually","12":"product-type-simple"},"_links":{"self":[{"href":"https:\/\/treina.online\/index.php?rest_route=\/wp\/v2\/product\/16488","targetHints":{"allow":["GET"]}}],"collection":[{"href":"https:\/\/treina.online\/index.php?rest_route=\/wp\/v2\/product"}],"about":[{"href":"https:\/\/treina.online\/index.php?rest_route=\/wp\/v2\/types\/product"}],"replies":[{"embeddable":true,"href":"https:\/\/treina.online\/index.php?rest_route=%2Fwp%2Fv2%2Fcomments&post=16488"}],"version-history":[{"count":0,"href":"https:\/\/treina.online\/index.php?rest_route=\/wp\/v2\/product\/16488\/revisions"}],"wp:attachment":[{"href":"https:\/\/treina.online\/index.php?rest_route=%2Fwp%2Fv2%2Fmedia&parent=16488"}],"wp:term":[{"taxonomy":"product_brand","embeddable":true,"href":"https:\/\/treina.online\/index.php?rest_route=%2Fwp%2Fv2%2Fproduct_brand&post=16488"},{"taxonomy":"product_cat","embeddable":true,"href":"https:\/\/treina.online\/index.php?rest_route=%2Fwp%2Fv2%2Fproduct_cat&post=16488"},{"taxonomy":"product_tag","embeddable":true,"href":"https:\/\/treina.online\/index.php?rest_route=%2Fwp%2Fv2%2Fproduct_tag&post=16488"}],"curies":[{"name":"wp","href":"https:\/\/api.w.org\/{rel}","templated":true}]}}